{"id":6667,"date":"2024-02-05T12:27:13","date_gmt":"2024-02-05T11:27:13","guid":{"rendered":"https:\/\/handeys.aretis-staging.ch\/?page_id=6667"},"modified":"2024-02-12T13:13:26","modified_gmt":"2024-02-12T12:13:26","slug":"caricare-filmati-e-foto-dei-clienti","status":"publish","type":"page","link":"https:\/\/www.handeys-ferien.ch\/it\/caricare-filmati-e-foto-dei-clienti\/","title":{"rendered":"Modulo di caricamento del cliente"},"content":{"rendered":"\t\t<div data-elementor-type=\"wp-page\" data-elementor-id=\"6667\" class=\"elementor elementor-6667\" data-elementor-post-type=\"page\">\n\t\t\t\t\t\t<section class=\"elementor-section elementor-top-section elementor-element elementor-element-637ba6be elementor-section-height-min-height elementor-section-boxed elementor-section-height-default elementor-section-items-middle\" data-id=\"637ba6be\" data-element_type=\"section\" data-e-type=\"section\" data-settings=\"{&quot;background_background&quot;:&quot;classic&quot;,&quot;shape_divider_bottom&quot;:&quot;curve&quot;,&quot;shape_divider_bottom_negative&quot;:&quot;yes&quot;}\">\n\t\t\t\t\t<div class=\"elementor-shape elementor-shape-bottom\" aria-hidden=\"true\" data-negative=\"true\">\n\t\t\t<svg xmlns=\"http:\/\/www.w3.org\/2000\/svg\" viewBox=\"0 0 1000 100\" preserveAspectRatio=\"none\">\n\t<path class=\"elementor-shape-fill\" d=\"M500,97C126.7,96.3,0.8,19.8,0,0v100l1000,0V1C1000,19.4,873.3,97.8,500,97z\"\/>\n<\/svg>\t\t<\/div>\n\t\t\t\t\t<div class=\"elementor-container elementor-column-gap-default\">\n\t\t\t\t\t<div class=\"elementor-column elementor-col-50 elementor-top-column elementor-element elementor-element-5a2ea645\" data-id=\"5a2ea645\" data-element_type=\"column\" data-e-type=\"column\">\n\t\t\t<div class=\"elementor-widget-wrap\">\n\t\t\t\t\t\t\t<\/div>\n\t\t<\/div>\n\t\t\t\t<div class=\"elementor-column elementor-col-50 elementor-top-column elementor-element elementor-element-3e22dbd\" data-id=\"3e22dbd\" data-element_type=\"column\" data-e-type=\"column\" data-settings=\"{&quot;background_background&quot;:&quot;classic&quot;}\">\n\t\t\t<div class=\"elementor-widget-wrap elementor-element-populated\">\n\t\t\t\t\t\t<div class=\"elementor-element elementor-element-75506fec elementor-view-default elementor-widget elementor-widget-icon\" data-id=\"75506fec\" data-element_type=\"widget\" data-e-type=\"widget\" data-widget_type=\"icon.default\">\n\t\t\t\t<div class=\"elementor-widget-container\">\n\t\t\t\t\t\t\t<div class=\"elementor-icon-wrapper\">\n\t\t\t<div class=\"elementor-icon\">\n\t\t\t<i aria-hidden=\"true\" class=\"far fa-comments\"><\/i>\t\t\t<\/div>\n\t\t<\/div>\n\t\t\t\t\t\t<\/div>\n\t\t\t\t<\/div>\n\t\t\t\t<div class=\"elementor-element elementor-element-6dde38bc elementor-widget elementor-widget-heading\" data-id=\"6dde38bc\" data-element_type=\"widget\" data-e-type=\"widget\" data-widget_type=\"heading.default\">\n\t\t\t\t<div class=\"elementor-widget-container\">\n\t\t\t\t\t<h5 class=\"elementor-heading-title elementor-size-default\">Kunden-Upload<\/h5>\t\t\t\t<\/div>\n\t\t\t\t<\/div>\n\t\t\t\t<div class=\"elementor-element elementor-element-189bcf5a elementor-widget elementor-widget-heading\" data-id=\"189bcf5a\" data-element_type=\"widget\" data-e-type=\"widget\" data-widget_type=\"heading.default\">\n\t\t\t\t<div class=\"elementor-widget-container\">\n\t\t\t\t\t<p class=\"elementor-heading-title elementor-size-default\">Laden Sie Ihre Ferientr\u00e4ume hoch!<\/p>\t\t\t\t<\/div>\n\t\t\t\t<\/div>\n\t\t\t\t\t<\/div>\n\t\t<\/div>\n\t\t\t\t\t<\/div>\n\t\t<\/section>\n\t\t\t\t<section class=\"elementor-section elementor-top-section elementor-element elementor-element-7bd65d4 elementor-section-content-middle elementor-section-boxed elementor-section-height-default elementor-section-height-default\" data-id=\"7bd65d4\" data-element_type=\"section\" data-e-type=\"section\">\n\t\t\t\t\t\t<div class=\"elementor-container elementor-column-gap-default\">\n\t\t\t\t\t<div class=\"elementor-column elementor-col-50 elementor-top-column elementor-element elementor-element-30982cf\" data-id=\"30982cf\" data-element_type=\"column\" data-e-type=\"column\">\n\t\t\t<div class=\"elementor-widget-wrap elementor-element-populated\">\n\t\t\t\t\t\t<div class=\"elementor-element elementor-element-f4b8ab7 elementor-widget elementor-widget-text-editor\" data-id=\"f4b8ab7\" data-element_type=\"widget\" data-e-type=\"widget\" data-widget_type=\"text-editor.default\">\n\t\t\t\t<div class=\"elementor-widget-container\">\n\t\t\t\t\t\t\t\t\t<p><strong>Wir ver\u00f6ffentlichen Ihren Beitrag<\/strong><\/p><p>Hatten Sie tolle Ferien? Laden Sie mit dem Formular ein Foto oder ein Video von Ihren Ferien hoch (nur die URL eingeben, fertig). Wir ver\u00f6ffentlichen nach einer kurzen Pr\u00fcfung Ihren Beitrag, der dann auch von anderen Besuchern unserer Webseite bewundert werden kann.<\/p>\t\t\t\t\t\t\t\t<\/div>\n\t\t\t\t<\/div>\n\t\t\t\t\t<\/div>\n\t\t<\/div>\n\t\t\t\t<div class=\"elementor-column elementor-col-50 elementor-top-column elementor-element elementor-element-26c527c\" data-id=\"26c527c\" data-element_type=\"column\" data-e-type=\"column\">\n\t\t\t<div class=\"elementor-widget-wrap elementor-element-populated\">\n\t\t\t\t\t\t<div class=\"elementor-element elementor-element-47235f2 elementor-align-center elementor-mobile-align-center elementor-widget elementor-widget-button\" data-id=\"47235f2\" data-element_type=\"widget\" data-e-type=\"widget\" data-widget_type=\"button.default\">\n\t\t\t\t<div class=\"elementor-widget-container\">\n\t\t\t\t\t\t\t\t\t<div class=\"elementor-button-wrapper\">\n\t\t\t\t\t<a class=\"elementor-button elementor-button-link elementor-size-sm\" href=\"\/ferienfotos\/\">\n\t\t\t\t\t\t<span class=\"elementor-button-content-wrapper\">\n\t\t\t\t\t\t\t\t\t<span class=\"elementor-button-text\">Fotos &amp; Videos anschauen &gt;&gt;&gt;<\/span>\n\t\t\t\t\t<\/span>\n\t\t\t\t\t<\/a>\n\t\t\t\t<\/div>\n\t\t\t\t\t\t\t\t<\/div>\n\t\t\t\t<\/div>\n\t\t\t\t\t<\/div>\n\t\t<\/div>\n\t\t\t\t\t<\/div>\n\t\t<\/section>\n\t\t\t\t<section class=\"elementor-section elementor-top-section elementor-element elementor-element-6ca83d9 elementor-section-boxed elementor-section-height-default elementor-section-height-default\" data-id=\"6ca83d9\" data-element_type=\"section\" data-e-type=\"section\">\n\t\t\t\t\t\t<div class=\"elementor-container elementor-column-gap-default\">\n\t\t\t\t\t<div class=\"elementor-column elementor-col-100 elementor-top-column elementor-element elementor-element-e05d7e4\" data-id=\"e05d7e4\" data-element_type=\"column\" data-e-type=\"column\">\n\t\t\t<div class=\"elementor-widget-wrap elementor-element-populated\">\n\t\t\t\t\t\t<div class=\"elementor-element elementor-element-205f4c1 fluent-form-widget-step-header-yes fluent-form-widget-step-progressbar-yes fluentform-widget-submit-button-custom elementor-widget elementor-widget-fluent-form-widget\" data-id=\"205f4c1\" data-element_type=\"widget\" data-e-type=\"widget\" data-widget_type=\"fluent-form-widget.default\">\n\t\t\t\t<div class=\"elementor-widget-container\">\n\t\t\t\t\t\n            <div class=\"fluentform-widget-wrapper fluentform-widget-align-default\">\n\n            \n            <div class='fluentform ff-default fluentform_wrapper_4 ffs_default_wrap'><form data-form_id=\"4\" id=\"fluentform_4\" class=\"frm-fluent-form fluent_form_4 ff-el-form-top ff_form_instance_4_1 ff-form-loading ffs_default\" data-form_instance=\"ff_form_instance_4_1\" method=\"POST\" ><fieldset  style=\"border: none!important;margin: 0!important;padding: 0!important;background-color: transparent!important;box-shadow: none!important;outline: none!important; min-inline-size: 100%;\">\n                    <legend class=\"ff_screen_reader_title\" style=\"display: block; margin: 0!important;padding: 0!important;height: 0!important;text-indent: -999999px;width: 0!important;overflow:hidden;\">Kundenupload<\/legend><input type='hidden' name='__fluent_form_embded_post_id' value='6667' \/><input type=\"hidden\" id=\"_fluentform_4_fluentformnonce\" name=\"_fluentform_4_fluentformnonce\" value=\"d16fa1a905\" \/><input type=\"hidden\" name=\"_wp_http_referer\" value=\"\/it\/wp-json\/wp\/v2\/pages\/6667\" \/><div data-type=\"name-element\" data-name=\"names\" class=\" ff-field_container ff-name-field-wrapper\" ><div class='ff-t-container'><div class='ff-t-cell '><div class='ff-el-group  ff-el-form-top'><div class=\"ff-el-input--label ff-el-is-required asterisk-right\"><label for='ff_4_names_first_name_' id='label_ff_4_names_first_name_' >Vorname<\/label><\/div><div class='ff-el-input--content'><input type=\"text\" name=\"names[first_name]\" id=\"ff_4_names_first_name_\" class=\"ff-el-form-control\" placeholder=\"Vorname\" aria-invalid=\"false\" aria-required=true><\/div><\/div><\/div><div class='ff-t-cell '><div class='ff-el-group  ff-el-form-top'><div class=\"ff-el-input--label ff-el-is-required asterisk-right\"><label for='ff_4_names_last_name_' id='label_ff_4_names_last_name_' >Nachname<\/label><\/div><div class='ff-el-input--content'><input type=\"text\" name=\"names[last_name]\" id=\"ff_4_names_last_name_\" class=\"ff-el-form-control\" placeholder=\"Nachname\" aria-invalid=\"false\" aria-required=true><\/div><\/div><\/div><\/div><\/div><div class='ff-el-group'><div class=\"ff-el-input--label ff-el-is-required asterisk-right\"><label for='ff_4_email' id='label_ff_4_email' aria-label=\"E-Mail\">E-Mail<\/label><\/div><div class='ff-el-input--content'><input type=\"email\" name=\"email\" id=\"ff_4_email\" class=\"ff-el-form-control\" placeholder=\"E-Mail\" data-name=\"email\"  aria-invalid=\"false\" aria-required=true><\/div><\/div><div class='ff-el-group'><div class=\"ff-el-input--label asterisk-right\"><label for='ff_4_description' id='label_ff_4_description' aria-label=\"Dein Ferientext\">Dein Ferientext<\/label><\/div><div class='ff-el-input--content'><textarea aria-required=\"false\" aria-labelledby=\"label_ff_4_description\" name=\"description\" id=\"ff_4_description\" class=\"ff-el-form-control\" rows=\"3\" cols=\"2\" data-name=\"description\" ><\/textarea><\/div><\/div><div class='ff-el-group'><div class=\"ff-el-input--label asterisk-right\"><label for='ff_4_image-upload_1' id='label_ff_4_image-upload_1' aria-label=\"Bild Upload\">Bild Upload<\/label><\/div><div class='ff-el-input--content'><div class='ff-el-help-message ff_ahm'>F\u00fcgen Sie hier ein Bild hinzu.\nErlaubt sind jpg, jpeg und png bis max. 10 MB.<\/div><label for='ff_4_image-upload_1' class='ff_file_upload_holder'><span class='ff_upload_btn ff-btn' tabindex='0'>Bild w\u00e4hlen<\/span> <input type=\"file\" name=\"image-upload\" id=\"ff_4_image-upload_1\" class=\"ff-el-form-control  ff-screen-reader-element\" accept=\"image\/*\" data-name=\"image-upload\" multiple=\"1\"  aria-invalid='false' aria-required=false><\/label><\/div><\/div><div class='ff-el-group'><div class=\"ff-el-input--label asterisk-right\"><label for='ff_4_url' id='label_ff_4_url' aria-label=\"Video-Link\">Video-Link<\/label><\/div><div class='ff-el-input--content'><div class='ff-el-help-message ff_ahm'>Link z.B. zu einem YouTube-Video oder einem Instagram- \/ Facebook-Beitrag.<\/div><input type=\"url\" name=\"url\" class=\"ff-el-form-control\" data-name=\"url\" id=\"ff_4_url\"  aria-invalid=\"false\" aria-required=false><\/div><\/div><div class='ff-el-group    ff-el-input--content'><div class='ff-el-form-check ff-el-tc'><label aria-label='Ich bin damit einverstanden, dass die eingesendeten Fotos und Videos ver\u00f6ffentlicht werden und ich die Rechte am gesamten Bildmaterial f\u00fcr die Ver\u00f6ffentlichung besitze.' class='ff-el-form-check-label ff_tc_label' for=gdpr-agreement_5ca175e77f0c40b78055899a9191ddad><span class='ff_tc_checkbox'><input type=\"checkbox\" name=\"gdpr-agreement\" class=\"ff-el-form-check-input ff_gdpr_field\" data-name=\"gdpr-agreement\" id=\"gdpr-agreement_5ca175e77f0c40b78055899a9191ddad\"  value='on' aria-invalid='false' aria-required=true><\/span> <div class='ff_t_c'>Ich bin damit einverstanden, dass die eingesendeten Fotos und Videos ver\u00f6ffentlicht werden und ich die Rechte am gesamten Bildmaterial f\u00fcr die Ver\u00f6ffentlichung besitze.<\/div><\/label><\/div><\/div><div class='ff-el-group ff-text-left ff_submit_btn_wrapper'><button type=\"submit\" class=\"ff-btn ff-btn-submit ff-btn-md ff_btn_no_style\"  aria-label=\"Absenden\">Absenden<\/button><\/div><\/fieldset><\/form><div id='fluentform_4_errors' class='ff-errors-in-stack ff_form_instance_4_1 ff-form-loading_errors ff_form_instance_4_1_errors'><\/div><\/div>            <script type=\"text\/javascript\">\n                window.fluent_form_ff_form_instance_4_1 = {\"id\":\"4\",\"settings\":{\"layout\":{\"labelPlacement\":\"top\",\"helpMessagePlacement\":\"after_label\",\"errorMessagePlacement\":\"inline\",\"cssClassName\":\"\",\"asteriskPlacement\":\"asterisk-right\"},\"restrictions\":{\"denyEmptySubmission\":{\"enabled\":false}}},\"form_instance\":\"ff_form_instance_4_1\",\"form_id_selector\":\"fluentform_4\",\"rules\":{\"names[first_name]\":{\"required\":{\"value\":true,\"message\":\"Questo campo \\u00e8 obbligatorio\",\"global_message\":\"Dieses Feld ist erforderlich\",\"global\":true}},\"names[middle_name]\":{\"required\":{\"value\":false,\"message\":\"Questo campo \\u00e8 obbligatorio\",\"global_message\":\"Dieses Feld ist erforderlich\",\"global\":true}},\"names[last_name]\":{\"required\":{\"value\":true,\"message\":\"Questo campo \\u00e8 obbligatorio\",\"global_message\":\"Dieses Feld ist erforderlich\",\"global\":true}},\"email\":{\"required\":{\"value\":true,\"message\":\"Questo campo \\u00e8 obbligatorio\",\"global_message\":\"Dieses Feld ist erforderlich\",\"global\":true},\"email\":{\"value\":true,\"message\":\"Questo campo deve contenere un indirizzo email valido\",\"global_message\":\"Dieses Feld muss eine g\\u00fcltige E-Mail-Adresse enthalten\",\"global\":true}},\"description\":{\"required\":{\"value\":false,\"message\":\"Questo campo \\u00e8 obbligatorio\",\"global_message\":\"Dieses Feld ist erforderlich\",\"global\":true}},\"image-upload\":{\"required\":{\"value\":false,\"message\":\"Questo campo \\u00e8 obbligatorio\",\"global_message\":\"Dieses Feld ist erforderlich\",\"global\":true},\"max_file_size\":{\"value\":10485760,\"_valueFrom\":\"MB\",\"message\":\"La convalida non riesce per la dimensione massima del file\",\"global_message\":\"Validation fails for maximum file size\",\"global\":true},\"max_file_count\":{\"value\":1,\"message\":\"La convalida non riesce per il numero massimo di file\",\"global_message\":\"Validation fails for maximum file count\",\"global\":true},\"allowed_image_types\":{\"value\":[\"jpg|jpeg\",\"png\",\"gif\"],\"message\":\"I tipi di immagine consentiti non corrispondono\",\"global_message\":\"Erlaubte Bildtypen stimmen nicht \\u00fcberein\",\"global\":true}},\"url\":{\"required\":{\"value\":false,\"message\":\"Questo campo \\u00e8 obbligatorio\",\"global_message\":\"Dieses Feld ist erforderlich\",\"global\":true},\"url\":{\"value\":true,\"message\":\"Questo campo deve contenere un URL valido\",\"global_message\":\"Dieses Feld muss eine g\\u00fcltige URL enthalten\",\"global\":true}},\"gdpr-agreement\":{\"required\":{\"value\":true,\"message\":\"Questo campo \\u00e8 obbligatorio\",\"global_message\":\"Dieses Feld ist erforderlich\",\"global\":true}}},\"debounce_time\":300};\n                            <\/script>\n                        <\/div>\n\n            \t\t\t\t<\/div>\n\t\t\t\t<\/div>\n\t\t\t\t\t<\/div>\n\t\t<\/div>\n\t\t\t\t\t<\/div>\n\t\t<\/section>\n\t\t\t\t<\/div>\n\t\t","protected":false},"excerpt":{"rendered":"<p>Kunden-Upload Laden Sie Ihre Ferientr\u00e4ume hoch! Wir ver\u00f6ffentlichen Ihren Beitrag Hatten Sie tolle Ferien? Laden Sie mit dem Formular ein Foto oder ein Video von Ihren Ferien hoch (nur die URL eingeben, fertig). Wir ver\u00f6ffentlichen nach einer kurzen Pr\u00fcfung Ihren Beitrag, der dann auch von anderen Besuchern unserer Webseite bewundert werden kann. Fotos &amp; Videos [&hellip;]<\/p>\n","protected":false},"author":1,"featured_media":0,"parent":0,"menu_order":0,"comment_status":"closed","ping_status":"closed","template":"elementor_header_footer","meta":{"_acf_changed":false,"footnotes":""},"folder":[],"class_list":["post-6667","page","type-page","status-publish","hentry"],"acf":[],"yoast_head":"<!-- This site is optimized with the Yoast SEO plugin v26.9 - https:\/\/yoast.com\/product\/yoast-seo-wordpress\/ -->\n<title>Kundenupload Formular - Handeys Reisen GmbH<\/title>\n<meta name=\"robots\" content=\"index, follow, max-snippet:-1, max-image-preview:large, max-video-preview:-1\" \/>\n<link rel=\"canonical\" href=\"https:\/\/www.handeys-ferien.ch\/it\/caricare-filmati-e-foto-dei-clienti\/\" \/>\n<meta property=\"og:locale\" content=\"it_IT\" \/>\n<meta property=\"og:type\" content=\"article\" \/>\n<meta property=\"og:title\" content=\"Kundenupload Formular - Handeys Reisen GmbH\" \/>\n<meta property=\"og:description\" content=\"Kunden-Upload Laden Sie Ihre Ferientr\u00e4ume hoch! Wir ver\u00f6ffentlichen Ihren Beitrag Hatten Sie tolle Ferien? Laden Sie mit dem Formular ein Foto oder ein Video von Ihren Ferien hoch (nur die URL eingeben, fertig). Wir ver\u00f6ffentlichen nach einer kurzen Pr\u00fcfung Ihren Beitrag, der dann auch von anderen Besuchern unserer Webseite bewundert werden kann. Fotos &amp; Videos [&hellip;]\" \/>\n<meta property=\"og:url\" content=\"https:\/\/www.handeys-ferien.ch\/it\/caricare-filmati-e-foto-dei-clienti\/\" \/>\n<meta property=\"og:site_name\" content=\"Handeys Reisen GmbH\" \/>\n<meta property=\"article:modified_time\" content=\"2024-02-12T12:13:26+00:00\" \/>\n<meta name=\"twitter:card\" content=\"summary_large_image\" \/>\n<meta name=\"twitter:label1\" content=\"Tempo di lettura stimato\" \/>\n\t<meta name=\"twitter:data1\" content=\"1 minuto\" \/>\n<script type=\"application\/ld+json\" class=\"yoast-schema-graph\">{\"@context\":\"https:\/\/schema.org\",\"@graph\":[{\"@type\":\"WebPage\",\"@id\":\"https:\/\/www.handeys-ferien.ch\/it\/caricare-filmati-e-foto-dei-clienti\/\",\"url\":\"https:\/\/www.handeys-ferien.ch\/it\/caricare-filmati-e-foto-dei-clienti\/\",\"name\":\"Kundenupload Formular - Handeys Reisen GmbH\",\"isPartOf\":{\"@id\":\"https:\/\/www.handeys-ferien.ch\/it\/#website\"},\"datePublished\":\"2024-02-05T11:27:13+00:00\",\"dateModified\":\"2024-02-12T12:13:26+00:00\",\"breadcrumb\":{\"@id\":\"https:\/\/www.handeys-ferien.ch\/it\/caricare-filmati-e-foto-dei-clienti\/#breadcrumb\"},\"inLanguage\":\"it-IT\",\"potentialAction\":[{\"@type\":\"ReadAction\",\"target\":[\"https:\/\/www.handeys-ferien.ch\/it\/caricare-filmati-e-foto-dei-clienti\/\"]}]},{\"@type\":\"BreadcrumbList\",\"@id\":\"https:\/\/www.handeys-ferien.ch\/it\/caricare-filmati-e-foto-dei-clienti\/#breadcrumb\",\"itemListElement\":[{\"@type\":\"ListItem\",\"position\":1,\"name\":\"Startseite\",\"item\":\"https:\/\/www.handeys-ferien.ch\/\"},{\"@type\":\"ListItem\",\"position\":2,\"name\":\"Kundenupload Formular\"}]},{\"@type\":\"WebSite\",\"@id\":\"https:\/\/www.handeys-ferien.ch\/it\/#website\",\"url\":\"https:\/\/www.handeys-ferien.ch\/it\/\",\"name\":\"Handeys Reisen GmbH\",\"description\":\"\",\"publisher\":{\"@id\":\"https:\/\/www.handeys-ferien.ch\/it\/#organization\"},\"potentialAction\":[{\"@type\":\"SearchAction\",\"target\":{\"@type\":\"EntryPoint\",\"urlTemplate\":\"https:\/\/www.handeys-ferien.ch\/it\/?s={search_term_string}\"},\"query-input\":{\"@type\":\"PropertyValueSpecification\",\"valueRequired\":true,\"valueName\":\"search_term_string\"}}],\"inLanguage\":\"it-IT\"},{\"@type\":\"Organization\",\"@id\":\"https:\/\/www.handeys-ferien.ch\/it\/#organization\",\"name\":\"Handeys Reisen GmbH\",\"url\":\"https:\/\/www.handeys-ferien.ch\/it\/\",\"logo\":{\"@type\":\"ImageObject\",\"inLanguage\":\"it-IT\",\"@id\":\"https:\/\/www.handeys-ferien.ch\/it\/#\/schema\/logo\/image\/\",\"url\":\"https:\/\/www.handeys-ferien.ch\/wp-content\/uploads\/2023\/01\/handeys-reisen_logo.png\",\"contentUrl\":\"https:\/\/www.handeys-ferien.ch\/wp-content\/uploads\/2023\/01\/handeys-reisen_logo.png\",\"width\":1000,\"height\":1037,\"caption\":\"Handeys Reisen GmbH\"},\"image\":{\"@id\":\"https:\/\/www.handeys-ferien.ch\/it\/#\/schema\/logo\/image\/\"}}]}<\/script>\n<!-- \/ Yoast SEO plugin. -->","yoast_head_json":{"title":"Modulo di caricamento clienti - Handeys Reisen GmbH","robots":{"index":"index","follow":"follow","max-snippet":"max-snippet:-1","max-image-preview":"max-image-preview:large","max-video-preview":"max-video-preview:-1"},"canonical":"https:\/\/www.handeys-ferien.ch\/it\/caricare-filmati-e-foto-dei-clienti\/","og_locale":"it_IT","og_type":"article","og_title":"Kundenupload Formular - Handeys Reisen GmbH","og_description":"Kunden-Upload Laden Sie Ihre Ferientr\u00e4ume hoch! Wir ver\u00f6ffentlichen Ihren Beitrag Hatten Sie tolle Ferien? Laden Sie mit dem Formular ein Foto oder ein Video von Ihren Ferien hoch (nur die URL eingeben, fertig). Wir ver\u00f6ffentlichen nach einer kurzen Pr\u00fcfung Ihren Beitrag, der dann auch von anderen Besuchern unserer Webseite bewundert werden kann. Fotos &amp; Videos [&hellip;]","og_url":"https:\/\/www.handeys-ferien.ch\/it\/caricare-filmati-e-foto-dei-clienti\/","og_site_name":"Handeys Reisen GmbH","article_modified_time":"2024-02-12T12:13:26+00:00","twitter_card":"summary_large_image","twitter_misc":{"Tempo di lettura stimato":"1 minuto"},"schema":{"@context":"https:\/\/schema.org","@graph":[{"@type":"WebPage","@id":"https:\/\/www.handeys-ferien.ch\/it\/caricare-filmati-e-foto-dei-clienti\/","url":"https:\/\/www.handeys-ferien.ch\/it\/caricare-filmati-e-foto-dei-clienti\/","name":"Modulo di caricamento clienti - Handeys Reisen GmbH","isPartOf":{"@id":"https:\/\/www.handeys-ferien.ch\/it\/#website"},"datePublished":"2024-02-05T11:27:13+00:00","dateModified":"2024-02-12T12:13:26+00:00","breadcrumb":{"@id":"https:\/\/www.handeys-ferien.ch\/it\/caricare-filmati-e-foto-dei-clienti\/#breadcrumb"},"inLanguage":"it-IT","potentialAction":[{"@type":"ReadAction","target":["https:\/\/www.handeys-ferien.ch\/it\/caricare-filmati-e-foto-dei-clienti\/"]}]},{"@type":"BreadcrumbList","@id":"https:\/\/www.handeys-ferien.ch\/it\/caricare-filmati-e-foto-dei-clienti\/#breadcrumb","itemListElement":[{"@type":"ListItem","position":1,"name":"Startseite","item":"https:\/\/www.handeys-ferien.ch\/"},{"@type":"ListItem","position":2,"name":"Kundenupload Formular"}]},{"@type":"WebSite","@id":"https:\/\/www.handeys-ferien.ch\/it\/#website","url":"https:\/\/www.handeys-ferien.ch\/it\/","name":"Handeys Travel Ltd.","description":"","publisher":{"@id":"https:\/\/www.handeys-ferien.ch\/it\/#organization"},"potentialAction":[{"@type":"SearchAction","target":{"@type":"EntryPoint","urlTemplate":"https:\/\/www.handeys-ferien.ch\/it\/?s={search_term_string}"},"query-input":{"@type":"PropertyValueSpecification","valueRequired":true,"valueName":"search_term_string"}}],"inLanguage":"it-IT"},{"@type":"Organization","@id":"https:\/\/www.handeys-ferien.ch\/it\/#organization","name":"Handeys Travel Ltd.","url":"https:\/\/www.handeys-ferien.ch\/it\/","logo":{"@type":"ImageObject","inLanguage":"it-IT","@id":"https:\/\/www.handeys-ferien.ch\/it\/#\/schema\/logo\/image\/","url":"https:\/\/www.handeys-ferien.ch\/wp-content\/uploads\/2023\/01\/handeys-reisen_logo.png","contentUrl":"https:\/\/www.handeys-ferien.ch\/wp-content\/uploads\/2023\/01\/handeys-reisen_logo.png","width":1000,"height":1037,"caption":"Handeys Reisen GmbH"},"image":{"@id":"https:\/\/www.handeys-ferien.ch\/it\/#\/schema\/logo\/image\/"}}]}},"_links":{"self":[{"href":"https:\/\/www.handeys-ferien.ch\/it\/wp-json\/wp\/v2\/pages\/6667","targetHints":{"allow":["GET"]}}],"collection":[{"href":"https:\/\/www.handeys-ferien.ch\/it\/wp-json\/wp\/v2\/pages"}],"about":[{"href":"https:\/\/www.handeys-ferien.ch\/it\/wp-json\/wp\/v2\/types\/page"}],"author":[{"embeddable":true,"href":"https:\/\/www.handeys-ferien.ch\/it\/wp-json\/wp\/v2\/users\/1"}],"replies":[{"embeddable":true,"href":"https:\/\/www.handeys-ferien.ch\/it\/wp-json\/wp\/v2\/comments?post=6667"}],"version-history":[{"count":5,"href":"https:\/\/www.handeys-ferien.ch\/it\/wp-json\/wp\/v2\/pages\/6667\/revisions"}],"predecessor-version":[{"id":6819,"href":"https:\/\/www.handeys-ferien.ch\/it\/wp-json\/wp\/v2\/pages\/6667\/revisions\/6819"}],"wp:attachment":[{"href":"https:\/\/www.handeys-ferien.ch\/it\/wp-json\/wp\/v2\/media?parent=6667"}],"wp:term":[{"taxonomy":"folder","embeddable":true,"href":"https:\/\/www.handeys-ferien.ch\/it\/wp-json\/wp\/v2\/folder?post=6667"}],"curies":[{"name":"wp","href":"https:\/\/api.w.org\/{rel}","templated":true}]}}