{"id":1989,"date":"2023-01-26T10:07:16","date_gmt":"2023-01-26T09:07:16","guid":{"rendered":"https:\/\/handeys.aretis-staging.ch\/?page_id=1989"},"modified":"2026-01-10T13:34:12","modified_gmt":"2026-01-10T12:34:12","slug":"impronta","status":"publish","type":"page","link":"https:\/\/www.handeys-ferien.ch\/it\/impressum\/","title":{"rendered":"Impronta"},"content":{"rendered":"<div data-elementor-type=\"wp-page\" data-elementor-id=\"1989\" class=\"elementor elementor-1989\" data-elementor-post-type=\"page\">\n\t\t\t\t\t\t<section class=\"elementor-section elementor-top-section elementor-element elementor-element-d757d2f elementor-section-boxed elementor-section-height-default elementor-section-height-default\" data-id=\"d757d2f\" data-element_type=\"section\" data-e-type=\"section\" data-settings=\"{&quot;background_background&quot;:&quot;classic&quot;}\">\n\t\t\t\t\t\t<div class=\"elementor-container elementor-column-gap-default\">\n\t\t\t\t\t<div class=\"elementor-column elementor-col-100 elementor-top-column elementor-element elementor-element-348d354\" data-id=\"348d354\" data-element_type=\"column\" data-e-type=\"column\">\n\t\t\t<div class=\"elementor-widget-wrap elementor-element-populated\">\n\t\t\t\t\t\t<section class=\"elementor-section elementor-inner-section elementor-element elementor-element-7e5be3c elementor-section-boxed elementor-section-height-default elementor-section-height-default\" data-id=\"7e5be3c\" data-element_type=\"section\" data-e-type=\"section\">\n\t\t\t\t\t\t<div class=\"elementor-container elementor-column-gap-default\">\n\t\t\t\t\t<div class=\"elementor-column elementor-col-100 elementor-inner-column elementor-element elementor-element-0c4e59f\" data-id=\"0c4e59f\" data-element_type=\"column\" data-e-type=\"column\">\n\t\t\t<div class=\"elementor-widget-wrap elementor-element-populated\">\n\t\t\t\t\t\t<div class=\"elementor-element elementor-element-444b009 elementor-widget elementor-widget-heading\" data-id=\"444b009\" data-element_type=\"widget\" data-e-type=\"widget\" data-widget_type=\"heading.default\">\n\t\t\t\t<div class=\"elementor-widget-container\">\n\t\t\t\t\t<h5 class=\"elementor-heading-title elementor-size-default\">Viaggi Handeys<\/h5>\t\t\t\t<\/div>\n\t\t\t\t<\/div>\n\t\t\t\t<div class=\"elementor-element elementor-element-94069e2 elementor-widget elementor-widget-heading\" data-id=\"94069e2\" data-element_type=\"widget\" data-e-type=\"widget\" data-widget_type=\"heading.default\">\n\t\t\t\t<div class=\"elementor-widget-container\">\n\t\t\t\t\t<h1 class=\"elementor-heading-title elementor-size-default\">Impronta<\/h1>\t\t\t\t<\/div>\n\t\t\t\t<\/div>\n\t\t\t\t<div class=\"elementor-element elementor-element-7d479eb elementor-widget-divider--view-line elementor-widget elementor-widget-divider\" data-id=\"7d479eb\" data-element_type=\"widget\" data-e-type=\"widget\" data-widget_type=\"divider.default\">\n\t\t\t\t<div class=\"elementor-widget-container\">\n\t\t\t\t\t\t\t<div class=\"elementor-divider\">\n\t\t\t<span class=\"elementor-divider-separator\">\n\t\t\t\t\t\t<\/span>\n\t\t<\/div>\n\t\t\t\t\t\t<\/div>\n\t\t\t\t<\/div>\n\t\t\t\t\t<\/div>\n\t\t<\/div>\n\t\t\t\t\t<\/div>\n\t\t<\/section>\n\t\t\t\t<section class=\"elementor-section elementor-inner-section elementor-element elementor-element-9e74064 elementor-section-boxed elementor-section-height-default elementor-section-height-default\" data-id=\"9e74064\" data-element_type=\"section\" data-e-type=\"section\">\n\t\t\t\t\t\t<div class=\"elementor-container elementor-column-gap-default\">\n\t\t\t\t\t<div class=\"elementor-column elementor-col-50 elementor-inner-column elementor-element elementor-element-813ee97\" data-id=\"813ee97\" data-element_type=\"column\" data-e-type=\"column\">\n\t\t\t<div class=\"elementor-widget-wrap elementor-element-populated\">\n\t\t\t\t\t\t<div class=\"elementor-element elementor-element-2deecc3 elementor-widget elementor-widget-text-editor\" data-id=\"2deecc3\" data-element_type=\"widget\" data-e-type=\"widget\" data-widget_type=\"text-editor.default\">\n\t\t\t\t<div class=\"elementor-widget-container\">\n\t\t\t\t\t\t\t\t\t<h4>Indirizzo di contatto<\/h4><p><strong>Handeys Travel Ltd.<\/strong><br \/>Piazza della Stazione 1<br \/>5400 Baden<\/p><p class=\"icon-box-description\">E-mail: <a href=\"mailto:info@handeys-ferien.ch\">info@handeys-ferien.ch<\/a><\/p><h4>Rappresentanti autorizzati<\/h4><p>Cetin Basatik, Amministratore delegato<br \/>Busra Basatik, vicedirettore generale<\/p><h4>Iscrizione al registro delle imprese<\/h4><p>Nome della societ\u00e0 registrata: Handeys GmbH<\/p><p>Numero: CH-400.4.021.691-8<\/p><p>Ufficio del registro commerciale: Baden<\/p><h4>Numero di partita IVA<\/h4><p>CHE-100.946.521<\/p><h4>Agenzia per il web design<\/h4><p>Creazione del sito web con WordPress da parte dei nostri webmaster:<\/p><p>aretis\u00ae web agency<br \/>Piazzale della stazione 4<br \/>5400 Baden<br \/>Tel. 056 200 20 40<br \/><a href=\"https:\/\/www.aretis.ch\/webdesign-webmaster-baden\/\">Agenzia per il web design aretis<\/a><\/p>\t\t\t\t\t\t\t\t<\/div>\n\t\t\t\t<\/div>\n\t\t\t\t\t<\/div>\n\t\t<\/div>\n\t\t\t\t<div class=\"elementor-column elementor-col-50 elementor-inner-column elementor-element elementor-element-c23bb7a\" data-id=\"c23bb7a\" data-element_type=\"column\" data-e-type=\"column\">\n\t\t\t<div class=\"elementor-widget-wrap elementor-element-populated\">\n\t\t\t\t\t\t<div class=\"elementor-element elementor-element-6035d20 elementor-widget elementor-widget-text-editor\" data-id=\"6035d20\" data-element_type=\"widget\" data-e-type=\"widget\" data-widget_type=\"text-editor.default\">\n\t\t\t\t<div class=\"elementor-widget-container\">\n\t\t\t\t\t\t\t\t\t<h4>Dichiarazione di non responsabilit\u00e0<\/h4><p>L'autore non si assume alcuna responsabilit\u00e0 in merito alla correttezza, all'accuratezza, all'attualit\u00e0, all'affidabilit\u00e0 e alla completezza delle informazioni. Le richieste di responsabilit\u00e0 per danni causati dall'uso delle informazioni fornite, comprese quelle incomplete o errate, saranno pertanto respinte. Tutte le offerte non sono vincolanti. L'autore si riserva espressamente il diritto di modificare, integrare o cancellare parti delle pagine o l'intera offerta senza un annuncio separato o di interrompere temporaneamente o definitivamente la pubblicazione.<\/p><h4>Responsabilit\u00e0 per i link<\/h4><p>I riferimenti e i link a siti web di terzi non rientrano nella nostra sfera di responsabilit\u00e0 e decliniamo ogni responsabilit\u00e0 per tali siti. L'accesso e l'utilizzo di tali siti web \u00e8 a rischio e pericolo dell'utente.<\/p><h4>Copyright<\/h4><p>I diritti d'autore e tutti gli altri diritti sui contenuti, le immagini, le foto o altri file del sito web appartengono esclusivamente a Handeys GmbH o ai titolari dei diritti d'autore specificamente indicati. Per la riproduzione di qualsiasi elemento \u00e8 necessario ottenere preventivamente il consenso scritto dei titolari del copyright.<\/p><h4>Protezione dei dati<\/h4><p>Handeys GmbH rispetta la normativa vigente in materia di protezione dei dati. Si prega di notare che il nostro <a href=\"https:\/\/www.handeys-ferien.ch\/it\/protezione-dei-dati\/\">Informativa sulla privacy -&gt;<\/a><\/p>\t\t\t\t\t\t\t\t<\/div>\n\t\t\t\t<\/div>\n\t\t\t\t\t<\/div>\n\t\t<\/div>\n\t\t\t\t\t<\/div>\n\t\t<\/section>\n\t\t\t\t\t<\/div>\n\t\t<\/div>\n\t\t\t\t\t<\/div>\n\t\t<\/section>\n\t\t\t\t<\/div>","protected":false},"excerpt":{"rendered":"<p>Handeys Reisen Impressum Kontaktadresse Handeys Reisen GmbHBahnhofplatz 15400 Baden E-Mail: info@handeys-ferien.ch Vertretungsberechtigte Personen Cetin Basatik, Gesch\u00e4ftsf\u00fchrerBusra Basatik, stv. Gesch\u00e4ftsf\u00fchrerin Handelsregistereintrag Eingetragener Firmenname: Handeys GmbH Nummer: CH-400.4.021.691-8 Handelsregisteramt: Baden Mehrwertsteuernummer CHE-100.946.521 Agentur f\u00fcr Webdesign Erstellung der Webseite mit WordPress durch unsere Webmaster: aretis\u00ae WebagenturBahnhofplatz 45400 BadenTel. 056 200 20 40Agentur f\u00fcr Webdesign aretis Haftungsausschluss Der Autor [&hellip;]<\/p>\n","protected":false},"author":1,"featured_media":0,"parent":0,"menu_order":10,"comment_status":"closed","ping_status":"closed","template":"","meta":{"_acf_changed":false,"footnotes":""},"folder":[],"class_list":["post-1989","page","type-page","status-publish","hentry"],"acf":[],"yoast_head":"<!-- This site is optimized with the Yoast SEO plugin v27.5 - https:\/\/yoast.com\/product\/yoast-seo-wordpress\/ -->\n<title>Impressum der Handeys GmbH in Baden<\/title>\n<meta name=\"description\" content=\"Impressum der Handeys GmbH, Bahnhofplatz 1, 5400 Baden, Schweiz\" \/>\n<meta name=\"robots\" content=\"index, follow, max-snippet:-1, max-image-preview:large, max-video-preview:-1\" \/>\n<link rel=\"canonical\" href=\"https:\/\/www.handeys-ferien.ch\/it\/impronta\/\" \/>\n<meta property=\"og:locale\" content=\"it_IT\" \/>\n<meta property=\"og:type\" content=\"article\" \/>\n<meta property=\"og:title\" content=\"Impressum der Handeys GmbH in Baden\" \/>\n<meta property=\"og:description\" content=\"Impressum der Handeys GmbH, Bahnhofplatz 1, 5400 Baden, Schweiz\" \/>\n<meta property=\"og:url\" content=\"https:\/\/www.handeys-ferien.ch\/it\/impronta\/\" \/>\n<meta property=\"og:site_name\" content=\"Handeys Reisen GmbH\" \/>\n<meta property=\"article:modified_time\" content=\"2026-01-10T12:34:12+00:00\" \/>\n<meta name=\"twitter:card\" content=\"summary_large_image\" \/>\n<meta name=\"twitter:label1\" content=\"Tempo di lettura stimato\" \/>\n\t<meta name=\"twitter:data1\" content=\"2 minuti\" \/>\n<script type=\"application\/ld+json\" class=\"yoast-schema-graph\">{\"@context\":\"https:\\\/\\\/schema.org\",\"@graph\":[{\"@type\":\"WebPage\",\"@id\":\"https:\\\/\\\/www.handeys-ferien.ch\\\/impressum\\\/\",\"url\":\"https:\\\/\\\/www.handeys-ferien.ch\\\/impressum\\\/\",\"name\":\"Impressum der Handeys GmbH in Baden\",\"isPartOf\":{\"@id\":\"https:\\\/\\\/www.handeys-ferien.ch\\\/it\\\/#website\"},\"datePublished\":\"2023-01-26T09:07:16+00:00\",\"dateModified\":\"2026-01-10T12:34:12+00:00\",\"description\":\"Impressum der Handeys GmbH, Bahnhofplatz 1, 5400 Baden, Schweiz\",\"breadcrumb\":{\"@id\":\"https:\\\/\\\/www.handeys-ferien.ch\\\/impressum\\\/#breadcrumb\"},\"inLanguage\":\"it-IT\",\"potentialAction\":[{\"@type\":\"ReadAction\",\"target\":[\"https:\\\/\\\/www.handeys-ferien.ch\\\/impressum\\\/\"]}]},{\"@type\":\"BreadcrumbList\",\"@id\":\"https:\\\/\\\/www.handeys-ferien.ch\\\/impressum\\\/#breadcrumb\",\"itemListElement\":[{\"@type\":\"ListItem\",\"position\":1,\"name\":\"Startseite\",\"item\":\"https:\\\/\\\/www.handeys-ferien.ch\\\/\"},{\"@type\":\"ListItem\",\"position\":2,\"name\":\"Impressum\"}]},{\"@type\":\"WebSite\",\"@id\":\"https:\\\/\\\/www.handeys-ferien.ch\\\/it\\\/#website\",\"url\":\"https:\\\/\\\/www.handeys-ferien.ch\\\/it\\\/\",\"name\":\"Handeys Reisen GmbH\",\"description\":\"\",\"publisher\":{\"@id\":\"https:\\\/\\\/www.handeys-ferien.ch\\\/it\\\/#organization\"},\"potentialAction\":[{\"@type\":\"SearchAction\",\"target\":{\"@type\":\"EntryPoint\",\"urlTemplate\":\"https:\\\/\\\/www.handeys-ferien.ch\\\/it\\\/?s={search_term_string}\"},\"query-input\":{\"@type\":\"PropertyValueSpecification\",\"valueRequired\":true,\"valueName\":\"search_term_string\"}}],\"inLanguage\":\"it-IT\"},{\"@type\":\"Organization\",\"@id\":\"https:\\\/\\\/www.handeys-ferien.ch\\\/it\\\/#organization\",\"name\":\"Handeys Reisen GmbH\",\"url\":\"https:\\\/\\\/www.handeys-ferien.ch\\\/it\\\/\",\"logo\":{\"@type\":\"ImageObject\",\"inLanguage\":\"it-IT\",\"@id\":\"https:\\\/\\\/www.handeys-ferien.ch\\\/it\\\/#\\\/schema\\\/logo\\\/image\\\/\",\"url\":\"https:\\\/\\\/www.handeys-ferien.ch\\\/wp-content\\\/uploads\\\/2023\\\/01\\\/handeys-reisen_logo.png\",\"contentUrl\":\"https:\\\/\\\/www.handeys-ferien.ch\\\/wp-content\\\/uploads\\\/2023\\\/01\\\/handeys-reisen_logo.png\",\"width\":1000,\"height\":1037,\"caption\":\"Handeys Reisen GmbH\"},\"image\":{\"@id\":\"https:\\\/\\\/www.handeys-ferien.ch\\\/it\\\/#\\\/schema\\\/logo\\\/image\\\/\"}}]}<\/script>\n<!-- \/ Yoast SEO plugin. -->","yoast_head_json":{"title":"Impronta di Handeys GmbH a Baden","description":"Stampa di Handeys GmbH, Bahnhofplatz 1, 5400 Baden, Svizzera","robots":{"index":"index","follow":"follow","max-snippet":"max-snippet:-1","max-image-preview":"max-image-preview:large","max-video-preview":"max-video-preview:-1"},"canonical":"https:\/\/www.handeys-ferien.ch\/it\/impronta\/","og_locale":"it_IT","og_type":"article","og_title":"Impressum der Handeys GmbH in Baden","og_description":"Impressum der Handeys GmbH, Bahnhofplatz 1, 5400 Baden, Schweiz","og_url":"https:\/\/www.handeys-ferien.ch\/it\/impronta\/","og_site_name":"Handeys Reisen GmbH","article_modified_time":"2026-01-10T12:34:12+00:00","twitter_card":"summary_large_image","twitter_misc":{"Tempo di lettura stimato":"2 minuti"},"schema":{"@context":"https:\/\/schema.org","@graph":[{"@type":"WebPage","@id":"https:\/\/www.handeys-ferien.ch\/impressum\/","url":"https:\/\/www.handeys-ferien.ch\/impressum\/","name":"Impronta di Handeys GmbH a Baden","isPartOf":{"@id":"https:\/\/www.handeys-ferien.ch\/it\/#website"},"datePublished":"2023-01-26T09:07:16+00:00","dateModified":"2026-01-10T12:34:12+00:00","description":"Stampa di Handeys GmbH, Bahnhofplatz 1, 5400 Baden, Svizzera","breadcrumb":{"@id":"https:\/\/www.handeys-ferien.ch\/impressum\/#breadcrumb"},"inLanguage":"it-IT","potentialAction":[{"@type":"ReadAction","target":["https:\/\/www.handeys-ferien.ch\/impressum\/"]}]},{"@type":"BreadcrumbList","@id":"https:\/\/www.handeys-ferien.ch\/impressum\/#breadcrumb","itemListElement":[{"@type":"ListItem","position":1,"name":"Startseite","item":"https:\/\/www.handeys-ferien.ch\/"},{"@type":"ListItem","position":2,"name":"Impressum"}]},{"@type":"WebSite","@id":"https:\/\/www.handeys-ferien.ch\/it\/#website","url":"https:\/\/www.handeys-ferien.ch\/it\/","name":"Handeys Travel Ltd.","description":"","publisher":{"@id":"https:\/\/www.handeys-ferien.ch\/it\/#organization"},"potentialAction":[{"@type":"SearchAction","target":{"@type":"EntryPoint","urlTemplate":"https:\/\/www.handeys-ferien.ch\/it\/?s={search_term_string}"},"query-input":{"@type":"PropertyValueSpecification","valueRequired":true,"valueName":"search_term_string"}}],"inLanguage":"it-IT"},{"@type":"Organization","@id":"https:\/\/www.handeys-ferien.ch\/it\/#organization","name":"Handeys Travel Ltd.","url":"https:\/\/www.handeys-ferien.ch\/it\/","logo":{"@type":"ImageObject","inLanguage":"it-IT","@id":"https:\/\/www.handeys-ferien.ch\/it\/#\/schema\/logo\/image\/","url":"https:\/\/www.handeys-ferien.ch\/wp-content\/uploads\/2023\/01\/handeys-reisen_logo.png","contentUrl":"https:\/\/www.handeys-ferien.ch\/wp-content\/uploads\/2023\/01\/handeys-reisen_logo.png","width":1000,"height":1037,"caption":"Handeys Reisen GmbH"},"image":{"@id":"https:\/\/www.handeys-ferien.ch\/it\/#\/schema\/logo\/image\/"}}]}},"_links":{"self":[{"href":"https:\/\/www.handeys-ferien.ch\/it\/wp-json\/wp\/v2\/pages\/1989","targetHints":{"allow":["GET"]}}],"collection":[{"href":"https:\/\/www.handeys-ferien.ch\/it\/wp-json\/wp\/v2\/pages"}],"about":[{"href":"https:\/\/www.handeys-ferien.ch\/it\/wp-json\/wp\/v2\/types\/page"}],"author":[{"embeddable":true,"href":"https:\/\/www.handeys-ferien.ch\/it\/wp-json\/wp\/v2\/users\/1"}],"replies":[{"embeddable":true,"href":"https:\/\/www.handeys-ferien.ch\/it\/wp-json\/wp\/v2\/comments?post=1989"}],"version-history":[{"count":6,"href":"https:\/\/www.handeys-ferien.ch\/it\/wp-json\/wp\/v2\/pages\/1989\/revisions"}],"predecessor-version":[{"id":7049,"href":"https:\/\/www.handeys-ferien.ch\/it\/wp-json\/wp\/v2\/pages\/1989\/revisions\/7049"}],"wp:attachment":[{"href":"https:\/\/www.handeys-ferien.ch\/it\/wp-json\/wp\/v2\/media?parent=1989"}],"wp:term":[{"taxonomy":"folder","embeddable":true,"href":"https:\/\/www.handeys-ferien.ch\/it\/wp-json\/wp\/v2\/folder?post=1989"}],"curies":[{"name":"wp","href":"https:\/\/api.w.org\/{rel}","templated":true}]}}