{"id":7010,"date":"2025-12-23T13:37:21","date_gmt":"2025-12-23T12:37:21","guid":{"rendered":"https:\/\/www.handeys-ferien.ch\/?page_id=7010"},"modified":"2025-12-23T14:16:04","modified_gmt":"2025-12-23T13:16:04","slug":"blog","status":"publish","type":"page","link":"https:\/\/www.handeys-ferien.ch\/fr\/blog\/","title":{"rendered":"blog"},"content":{"rendered":"<div data-elementor-type=\"wp-page\" data-elementor-id=\"7010\" class=\"elementor elementor-7010\" data-elementor-post-type=\"page\">\n\t\t\t\t\t\t<section class=\"elementor-section elementor-top-section elementor-element elementor-element-8a3b77d elementor-section-boxed elementor-section-height-default elementor-section-height-default\" data-id=\"8a3b77d\" data-element_type=\"section\" data-e-type=\"section\" data-settings=\"{&quot;background_background&quot;:&quot;classic&quot;}\">\n\t\t\t\t\t\t<div class=\"elementor-container elementor-column-gap-default\">\n\t\t\t\t\t<div class=\"elementor-column elementor-col-100 elementor-top-column elementor-element elementor-element-2aa1c25\" data-id=\"2aa1c25\" data-element_type=\"column\" data-e-type=\"column\">\n\t\t\t<div class=\"elementor-widget-wrap elementor-element-populated\">\n\t\t\t\t\t\t<section class=\"elementor-section elementor-inner-section elementor-element elementor-element-95f6244 elementor-section-boxed elementor-section-height-default elementor-section-height-default\" data-id=\"95f6244\" data-element_type=\"section\" data-e-type=\"section\">\n\t\t\t\t\t\t<div class=\"elementor-container elementor-column-gap-default\">\n\t\t\t\t\t<div class=\"elementor-column elementor-col-100 elementor-inner-column elementor-element elementor-element-5d2cde8\" data-id=\"5d2cde8\" data-element_type=\"column\" data-e-type=\"column\">\n\t\t\t<div class=\"elementor-widget-wrap elementor-element-populated\">\n\t\t\t\t\t\t<div class=\"elementor-element elementor-element-b00ebc9 elementor-widget elementor-widget-heading\" data-id=\"b00ebc9\" data-element_type=\"widget\" data-e-type=\"widget\" data-widget_type=\"heading.default\">\n\t\t\t\t<div class=\"elementor-widget-container\">\n\t\t\t\t\t<h5 class=\"elementor-heading-title elementor-size-default\">Actualit\u00e9s<\/h5>\t\t\t\t<\/div>\n\t\t\t\t<\/div>\n\t\t\t\t<div class=\"elementor-element elementor-element-ae550f6 elementor-widget elementor-widget-heading\" data-id=\"ae550f6\" data-element_type=\"widget\" data-e-type=\"widget\" data-widget_type=\"heading.default\">\n\t\t\t\t<div class=\"elementor-widget-container\">\n\t\t\t\t\t<h1 class=\"elementor-heading-title elementor-size-default\">blog<\/h1>\t\t\t\t<\/div>\n\t\t\t\t<\/div>\n\t\t\t\t<div class=\"elementor-element elementor-element-4f91651 elementor-widget-divider--view-line elementor-widget elementor-widget-divider\" data-id=\"4f91651\" data-element_type=\"widget\" data-e-type=\"widget\" data-widget_type=\"divider.default\">\n\t\t\t\t<div class=\"elementor-widget-container\">\n\t\t\t\t\t\t\t<div class=\"elementor-divider\">\n\t\t\t<span class=\"elementor-divider-separator\">\n\t\t\t\t\t\t<\/span>\n\t\t<\/div>\n\t\t\t\t\t\t<\/div>\n\t\t\t\t<\/div>\n\t\t\t\t\t<\/div>\n\t\t<\/div>\n\t\t\t\t\t<\/div>\n\t\t<\/section>\n\t\t\t\t<section class=\"elementor-section elementor-inner-section elementor-element elementor-element-0bef109 elementor-section-boxed elementor-section-height-default elementor-section-height-default\" data-id=\"0bef109\" data-element_type=\"section\" data-e-type=\"section\">\n\t\t\t\t\t\t<div class=\"elementor-container elementor-column-gap-default\">\n\t\t\t\t\t<div class=\"elementor-column elementor-col-100 elementor-inner-column elementor-element elementor-element-4a467f6\" data-id=\"4a467f6\" data-element_type=\"column\" data-e-type=\"column\">\n\t\t\t<div class=\"elementor-widget-wrap elementor-element-populated\">\n\t\t\t\t\t\t<div class=\"elementor-element elementor-element-1bf8605 elementor-grid-3 elementor-grid-tablet-2 elementor-grid-mobile-1 elementor-posts--thumbnail-top elementor-widget elementor-widget-posts\" data-id=\"1bf8605\" data-element_type=\"widget\" data-e-type=\"widget\" data-settings=\"{&quot;classic_columns&quot;:&quot;3&quot;,&quot;classic_columns_tablet&quot;:&quot;2&quot;,&quot;classic_columns_mobile&quot;:&quot;1&quot;,&quot;classic_row_gap&quot;:{&quot;unit&quot;:&quot;px&quot;,&quot;size&quot;:35,&quot;sizes&quot;:[]},&quot;classic_row_gap_tablet&quot;:{&quot;unit&quot;:&quot;px&quot;,&quot;size&quot;:&quot;&quot;,&quot;sizes&quot;:[]},&quot;classic_row_gap_mobile&quot;:{&quot;unit&quot;:&quot;px&quot;,&quot;size&quot;:&quot;&quot;,&quot;sizes&quot;:[]}}\" data-widget_type=\"posts.classic\">\n\t\t\t\t<div class=\"elementor-widget-container\">\n\t\t\t\t\t\t\t<div class=\"elementor-posts-container elementor-posts elementor-posts--skin-classic elementor-grid\" role=\"list\">\n\t\t\t\t<article class=\"elementor-post elementor-grid-item post-7031 post type-post status-publish format-standard has-post-thumbnail hentry category-blog\" role=\"listitem\">\n\t\t\t\t<a class=\"elementor-post__thumbnail__link\" href=\"https:\/\/www.handeys-ferien.ch\/fr\/2025\/12\/23\/top-pauschalreisen\/\" tabindex=\"-1\" >\n\t\t\t<div class=\"elementor-post__thumbnail\"><img fetchpriority=\"high\" decoding=\"async\" width=\"300\" height=\"200\" src=\"https:\/\/www.handeys-ferien.ch\/wp-content\/uploads\/2023\/06\/fernreisen-handeys-300x200.jpg\" class=\"attachment-medium size-medium wp-image-4752\" alt=\"\" srcset=\"https:\/\/www.handeys-ferien.ch\/wp-content\/uploads\/2023\/06\/fernreisen-handeys-300x200.jpg 300w, https:\/\/www.handeys-ferien.ch\/wp-content\/uploads\/2023\/06\/fernreisen-handeys-1024x683.jpg 1024w, https:\/\/www.handeys-ferien.ch\/wp-content\/uploads\/2023\/06\/fernreisen-handeys-768x512.jpg 768w, https:\/\/www.handeys-ferien.ch\/wp-content\/uploads\/2023\/06\/fernreisen-handeys.jpg 1500w\" sizes=\"(max-width: 300px) 100vw, 300px\" \/><\/div>\n\t\t<\/a>\n\t\t\t\t<div class=\"elementor-post__text\">\n\t\t\t\t<h4 class=\"elementor-post__title\">\n\t\t\t<a href=\"https:\/\/www.handeys-ferien.ch\/fr\/2025\/12\/23\/top-pauschalreisen\/\" >\n\t\t\t\tMeilleurs voyages \u00e0 forfait\t\t\t<\/a>\n\t\t<\/h4>\n\t\t\t\t<div class=\"elementor-post__meta-data\">\n\t\t\t\t\t<span class=\"elementor-post-date\">\n\t\t\t23 d\u00e9cembre 2025\t\t<\/span>\n\t\t\t\t<\/div>\n\t\t\t\t<div class=\"elementor-post__excerpt\">\n\t\t\t<p>R\u00e9servez vos vacances en ligne ou par t\u00e9l\u00e9phone. Et profitez d'offres de derni\u00e8re minute ou de voyages \u00e0 forfait. Nous vous emmenons dans les plus belles r\u00e9gions de vacances du monde. Haute qualit\u00e9<\/p>\n\t\t<\/div>\n\t\t\n\t\t<a class=\"elementor-post__read-more\" href=\"https:\/\/www.handeys-ferien.ch\/fr\/2025\/12\/23\/top-pauschalreisen\/\" aria-label=\"En savoir plus sur Top Forfaits\" tabindex=\"-1\" >\n\t\t\tContinuer la lecture \u00bb\t\t<\/a>\n\n\t\t\t\t<\/div>\n\t\t\t\t<\/article>\n\t\t\t\t<article class=\"elementor-post elementor-grid-item post-1653 post type-post status-publish format-standard has-post-thumbnail hentry category-blog\" role=\"listitem\">\n\t\t\t\t<a class=\"elementor-post__thumbnail__link\" href=\"https:\/\/www.handeys-ferien.ch\/fr\/2025\/12\/22\/handeys-app\/\" tabindex=\"-1\" >\n\t\t\t<div class=\"elementor-post__thumbnail\"><img decoding=\"async\" width=\"300\" height=\"120\" src=\"https:\/\/www.handeys-ferien.ch\/wp-content\/uploads\/2023\/06\/handeys-app_header-300x120.jpg?ver=1686846371\" class=\"attachment-medium size-medium wp-image-4267\" alt=\"\" srcset=\"https:\/\/www.handeys-ferien.ch\/wp-content\/uploads\/2023\/06\/handeys-app_header-300x120.jpg 300w, https:\/\/www.handeys-ferien.ch\/wp-content\/uploads\/2023\/06\/handeys-app_header-1024x411.jpg 1024w, https:\/\/www.handeys-ferien.ch\/wp-content\/uploads\/2023\/06\/handeys-app_header-768x308.jpg 768w, https:\/\/www.handeys-ferien.ch\/wp-content\/uploads\/2023\/06\/handeys-app_header-1536x616.jpg 1536w, https:\/\/www.handeys-ferien.ch\/wp-content\/uploads\/2023\/06\/handeys-app_header-2048x822.jpg 2048w\" sizes=\"(max-width: 300px) 100vw, 300px\" \/><\/div>\n\t\t<\/a>\n\t\t\t\t<div class=\"elementor-post__text\">\n\t\t\t\t<h4 class=\"elementor-post__title\">\n\t\t\t<a href=\"https:\/\/www.handeys-ferien.ch\/fr\/2025\/12\/22\/handeys-app\/\" >\n\t\t\t\tL'application Handeys\t\t\t<\/a>\n\t\t<\/h4>\n\t\t\t\t<div class=\"elementor-post__meta-data\">\n\t\t\t\t\t<span class=\"elementor-post-date\">\n\t\t\t22 d\u00e9cembre 2025\t\t<\/span>\n\t\t\t\t<\/div>\n\t\t\t\t<div class=\"elementor-post__excerpt\">\n\t\t\t<p>R\u00e9servez votre prochain voyage ou l'un de nos cr\u00e9dits directement via la nouvelle application. Gr\u00e2ce \u00e0 l'application Handeys, vous avez toujours vos billets et vos documents de voyage \u00e0 port\u00e9e de main.<\/p>\n\t\t<\/div>\n\t\t\n\t\t<a class=\"elementor-post__read-more\" href=\"https:\/\/www.handeys-ferien.ch\/fr\/2025\/12\/22\/handeys-app\/\" aria-label=\"En savoir plus sur L&#039;application Handeys\" tabindex=\"-1\" >\n\t\t\tContinuer la lecture \u00bb\t\t<\/a>\n\n\t\t\t\t<\/div>\n\t\t\t\t<\/article>\n\t\t\t\t<article class=\"elementor-post elementor-grid-item post-1 post type-post status-publish format-standard has-post-thumbnail hentry category-blog\" role=\"listitem\">\n\t\t\t\t<a class=\"elementor-post__thumbnail__link\" href=\"https:\/\/www.handeys-ferien.ch\/fr\/2025\/12\/21\/monatliche-ratenzahlung\/\" tabindex=\"-1\" >\n\t\t\t<div class=\"elementor-post__thumbnail\"><img decoding=\"async\" width=\"300\" height=\"200\" src=\"https:\/\/www.handeys-ferien.ch\/wp-content\/uploads\/2023\/06\/kulturreisen_handeys-300x200.jpg\" class=\"attachment-medium size-medium wp-image-5084\" alt=\"\" srcset=\"https:\/\/www.handeys-ferien.ch\/wp-content\/uploads\/2023\/06\/kulturreisen_handeys-300x200.jpg 300w, https:\/\/www.handeys-ferien.ch\/wp-content\/uploads\/2023\/06\/kulturreisen_handeys-1024x683.jpg 1024w, https:\/\/www.handeys-ferien.ch\/wp-content\/uploads\/2023\/06\/kulturreisen_handeys-768x512.jpg 768w, https:\/\/www.handeys-ferien.ch\/wp-content\/uploads\/2023\/06\/kulturreisen_handeys-18x12.jpg 18w, https:\/\/www.handeys-ferien.ch\/wp-content\/uploads\/2023\/06\/kulturreisen_handeys.jpg 1500w\" sizes=\"(max-width: 300px) 100vw, 300px\" \/><\/div>\n\t\t<\/a>\n\t\t\t\t<div class=\"elementor-post__text\">\n\t\t\t\t<h4 class=\"elementor-post__title\">\n\t\t\t<a href=\"https:\/\/www.handeys-ferien.ch\/fr\/2025\/12\/21\/monatliche-ratenzahlung\/\" >\n\t\t\t\tPaiement mensuel\t\t\t<\/a>\n\t\t<\/h4>\n\t\t\t\t<div class=\"elementor-post__meta-data\">\n\t\t\t\t\t<span class=\"elementor-post-date\">\n\t\t\t21 d\u00e9cembre 2025\t\t<\/span>\n\t\t\t\t<\/div>\n\t\t\t\t<div class=\"elementor-post__excerpt\">\n\t\t\t<p>Profitez du paiement \u00e9chelonn\u00e9 que nous proposons en exclusivit\u00e9 \u00e0 nos clients en tant qu'agence de voyages. Vous r\u00e9servez chez nous des vacances baln\u00e9aires, un voyage culturel ou une escapade citadine et payez votre<\/p>\n\t\t<\/div>\n\t\t\n\t\t<a class=\"elementor-post__read-more\" href=\"https:\/\/www.handeys-ferien.ch\/fr\/2025\/12\/21\/monatliche-ratenzahlung\/\" aria-label=\"En savoir plus sur Paiement mensuel\" tabindex=\"-1\" >\n\t\t\tContinuer la lecture \u00bb\t\t<\/a>\n\n\t\t\t\t<\/div>\n\t\t\t\t<\/article>\n\t\t\t\t<\/div>\n\t\t\n\t\t\t\t\t\t<\/div>\n\t\t\t\t<\/div>\n\t\t\t\t\t<\/div>\n\t\t<\/div>\n\t\t\t\t\t<\/div>\n\t\t<\/section>\n\t\t\t\t\t<\/div>\n\t\t<\/div>\n\t\t\t\t\t<\/div>\n\t\t<\/section>\n\t\t\t\t<\/div>","protected":false},"excerpt":{"rendered":"<p>Actualit\u00e9s &amp; Blog<\/p>","protected":false},"author":1,"featured_media":0,"parent":0,"menu_order":0,"comment_status":"closed","ping_status":"closed","template":"","meta":{"_acf_changed":false,"footnotes":""},"folder":[],"class_list":["post-7010","page","type-page","status-publish","hentry"],"acf":[],"yoast_head":"<!-- This site is optimized with the Yoast SEO plugin v27.5 - https:\/\/yoast.com\/product\/yoast-seo-wordpress\/ -->\n<title>Blog - Handeys Reisen GmbH<\/title>\n<meta name=\"robots\" content=\"index, follow, max-snippet:-1, max-image-preview:large, max-video-preview:-1\" \/>\n<link rel=\"canonical\" href=\"https:\/\/www.handeys-ferien.ch\/fr\/blog\/\" \/>\n<meta property=\"og:locale\" content=\"fr_FR\" \/>\n<meta property=\"og:type\" content=\"article\" \/>\n<meta property=\"og:title\" content=\"Blog - Handeys Reisen GmbH\" \/>\n<meta property=\"og:description\" content=\"News &amp; Aktuelles Blog\" \/>\n<meta property=\"og:url\" content=\"https:\/\/www.handeys-ferien.ch\/fr\/blog\/\" \/>\n<meta property=\"og:site_name\" content=\"Handeys Reisen GmbH\" \/>\n<meta property=\"article:modified_time\" content=\"2025-12-23T13:16:04+00:00\" \/>\n<meta name=\"twitter:card\" content=\"summary_large_image\" \/>\n<meta name=\"twitter:label1\" content=\"Dur\u00e9e de lecture estim\u00e9e\" \/>\n\t<meta name=\"twitter:data1\" content=\"3 minutes\" \/>\n<script type=\"application\/ld+json\" class=\"yoast-schema-graph\">{\"@context\":\"https:\\\/\\\/schema.org\",\"@graph\":[{\"@type\":\"WebPage\",\"@id\":\"https:\\\/\\\/www.handeys-ferien.ch\\\/blog\\\/\",\"url\":\"https:\\\/\\\/www.handeys-ferien.ch\\\/blog\\\/\",\"name\":\"Blog - Handeys Reisen GmbH\",\"isPartOf\":{\"@id\":\"https:\\\/\\\/www.handeys-ferien.ch\\\/it\\\/#website\"},\"datePublished\":\"2025-12-23T12:37:21+00:00\",\"dateModified\":\"2025-12-23T13:16:04+00:00\",\"breadcrumb\":{\"@id\":\"https:\\\/\\\/www.handeys-ferien.ch\\\/blog\\\/#breadcrumb\"},\"inLanguage\":\"fr-FR\",\"potentialAction\":[{\"@type\":\"ReadAction\",\"target\":[\"https:\\\/\\\/www.handeys-ferien.ch\\\/blog\\\/\"]}]},{\"@type\":\"BreadcrumbList\",\"@id\":\"https:\\\/\\\/www.handeys-ferien.ch\\\/blog\\\/#breadcrumb\",\"itemListElement\":[{\"@type\":\"ListItem\",\"position\":1,\"name\":\"Startseite\",\"item\":\"https:\\\/\\\/www.handeys-ferien.ch\\\/\"},{\"@type\":\"ListItem\",\"position\":2,\"name\":\"Blog\"}]},{\"@type\":\"WebSite\",\"@id\":\"https:\\\/\\\/www.handeys-ferien.ch\\\/it\\\/#website\",\"url\":\"https:\\\/\\\/www.handeys-ferien.ch\\\/it\\\/\",\"name\":\"Handeys Reisen GmbH\",\"description\":\"\",\"publisher\":{\"@id\":\"https:\\\/\\\/www.handeys-ferien.ch\\\/it\\\/#organization\"},\"potentialAction\":[{\"@type\":\"SearchAction\",\"target\":{\"@type\":\"EntryPoint\",\"urlTemplate\":\"https:\\\/\\\/www.handeys-ferien.ch\\\/it\\\/?s={search_term_string}\"},\"query-input\":{\"@type\":\"PropertyValueSpecification\",\"valueRequired\":true,\"valueName\":\"search_term_string\"}}],\"inLanguage\":\"fr-FR\"},{\"@type\":\"Organization\",\"@id\":\"https:\\\/\\\/www.handeys-ferien.ch\\\/it\\\/#organization\",\"name\":\"Handeys Reisen GmbH\",\"url\":\"https:\\\/\\\/www.handeys-ferien.ch\\\/it\\\/\",\"logo\":{\"@type\":\"ImageObject\",\"inLanguage\":\"fr-FR\",\"@id\":\"https:\\\/\\\/www.handeys-ferien.ch\\\/it\\\/#\\\/schema\\\/logo\\\/image\\\/\",\"url\":\"https:\\\/\\\/www.handeys-ferien.ch\\\/wp-content\\\/uploads\\\/2023\\\/01\\\/handeys-reisen_logo.png\",\"contentUrl\":\"https:\\\/\\\/www.handeys-ferien.ch\\\/wp-content\\\/uploads\\\/2023\\\/01\\\/handeys-reisen_logo.png\",\"width\":1000,\"height\":1037,\"caption\":\"Handeys Reisen GmbH\"},\"image\":{\"@id\":\"https:\\\/\\\/www.handeys-ferien.ch\\\/it\\\/#\\\/schema\\\/logo\\\/image\\\/\"}}]}<\/script>\n<!-- \/ Yoast SEO plugin. -->","yoast_head_json":{"title":"Blog - Handeys Reisen GmbH","robots":{"index":"index","follow":"follow","max-snippet":"max-snippet:-1","max-image-preview":"max-image-preview:large","max-video-preview":"max-video-preview:-1"},"canonical":"https:\/\/www.handeys-ferien.ch\/fr\/blog\/","og_locale":"fr_FR","og_type":"article","og_title":"Blog - Handeys Reisen GmbH","og_description":"News &amp; Aktuelles Blog","og_url":"https:\/\/www.handeys-ferien.ch\/fr\/blog\/","og_site_name":"Handeys Reisen GmbH","article_modified_time":"2025-12-23T13:16:04+00:00","twitter_card":"summary_large_image","twitter_misc":{"Dur\u00e9e de lecture estim\u00e9e":"3 minutes"},"schema":{"@context":"https:\/\/schema.org","@graph":[{"@type":"WebPage","@id":"https:\/\/www.handeys-ferien.ch\/blog\/","url":"https:\/\/www.handeys-ferien.ch\/blog\/","name":"Blog - Handeys Reisen GmbH","isPartOf":{"@id":"https:\/\/www.handeys-ferien.ch\/it\/#website"},"datePublished":"2025-12-23T12:37:21+00:00","dateModified":"2025-12-23T13:16:04+00:00","breadcrumb":{"@id":"https:\/\/www.handeys-ferien.ch\/blog\/#breadcrumb"},"inLanguage":"fr-FR","potentialAction":[{"@type":"ReadAction","target":["https:\/\/www.handeys-ferien.ch\/blog\/"]}]},{"@type":"BreadcrumbList","@id":"https:\/\/www.handeys-ferien.ch\/blog\/#breadcrumb","itemListElement":[{"@type":"ListItem","position":1,"name":"Startseite","item":"https:\/\/www.handeys-ferien.ch\/"},{"@type":"ListItem","position":2,"name":"Blog"}]},{"@type":"WebSite","@id":"https:\/\/www.handeys-ferien.ch\/it\/#website","url":"https:\/\/www.handeys-ferien.ch\/it\/","name":"Handeys Reisen GmbH","description":"","publisher":{"@id":"https:\/\/www.handeys-ferien.ch\/it\/#organization"},"potentialAction":[{"@type":"SearchAction","target":{"@type":"EntryPoint","urlTemplate":"https:\/\/www.handeys-ferien.ch\/it\/?s={search_term_string}"},"query-input":{"@type":"PropertyValueSpecification","valueRequired":true,"valueName":"search_term_string"}}],"inLanguage":"fr-FR"},{"@type":"Organization","@id":"https:\/\/www.handeys-ferien.ch\/it\/#organization","name":"Handeys Reisen GmbH","url":"https:\/\/www.handeys-ferien.ch\/it\/","logo":{"@type":"ImageObject","inLanguage":"fr-FR","@id":"https:\/\/www.handeys-ferien.ch\/it\/#\/schema\/logo\/image\/","url":"https:\/\/www.handeys-ferien.ch\/wp-content\/uploads\/2023\/01\/handeys-reisen_logo.png","contentUrl":"https:\/\/www.handeys-ferien.ch\/wp-content\/uploads\/2023\/01\/handeys-reisen_logo.png","width":1000,"height":1037,"caption":"Handeys Reisen GmbH"},"image":{"@id":"https:\/\/www.handeys-ferien.ch\/it\/#\/schema\/logo\/image\/"}}]}},"_links":{"self":[{"href":"https:\/\/www.handeys-ferien.ch\/fr\/wp-json\/wp\/v2\/pages\/7010","targetHints":{"allow":["GET"]}}],"collection":[{"href":"https:\/\/www.handeys-ferien.ch\/fr\/wp-json\/wp\/v2\/pages"}],"about":[{"href":"https:\/\/www.handeys-ferien.ch\/fr\/wp-json\/wp\/v2\/types\/page"}],"author":[{"embeddable":true,"href":"https:\/\/www.handeys-ferien.ch\/fr\/wp-json\/wp\/v2\/users\/1"}],"replies":[{"embeddable":true,"href":"https:\/\/www.handeys-ferien.ch\/fr\/wp-json\/wp\/v2\/comments?post=7010"}],"version-history":[{"count":10,"href":"https:\/\/www.handeys-ferien.ch\/fr\/wp-json\/wp\/v2\/pages\/7010\/revisions"}],"predecessor-version":[{"id":7035,"href":"https:\/\/www.handeys-ferien.ch\/fr\/wp-json\/wp\/v2\/pages\/7010\/revisions\/7035"}],"wp:attachment":[{"href":"https:\/\/www.handeys-ferien.ch\/fr\/wp-json\/wp\/v2\/media?parent=7010"}],"wp:term":[{"taxonomy":"folder","embeddable":true,"href":"https:\/\/www.handeys-ferien.ch\/fr\/wp-json\/wp\/v2\/folder?post=7010"}],"curies":[{"name":"wp","href":"https:\/\/api.w.org\/{rel}","templated":true}]}}