{"id":6540,"date":"2023-08-10T10:18:48","date_gmt":"2023-08-10T08:18:48","guid":{"rendered":"https:\/\/handeys.aretis-staging.ch\/?page_id=6540"},"modified":"2023-08-10T10:21:26","modified_gmt":"2023-08-10T08:21:26","slug":"paiement-par-acomptes-merci","status":"publish","type":"page","link":"https:\/\/www.handeys-ferien.ch\/fr\/paiement-par-acomptes-merci\/","title":{"rendered":"Paiement \u00e9chelonn\u00e9 Merci"},"content":{"rendered":"<div data-elementor-type=\"wp-page\" data-elementor-id=\"6540\" class=\"elementor elementor-6540\" data-elementor-post-type=\"page\">\n\t\t\t\t\t\t<section class=\"elementor-section elementor-top-section elementor-element elementor-element-4b81e1a5 elementor-section-boxed elementor-section-height-default elementor-section-height-default\" data-id=\"4b81e1a5\" data-element_type=\"section\" data-e-type=\"section\" data-settings=\"{&quot;background_background&quot;:&quot;classic&quot;,&quot;shape_divider_bottom_negative&quot;:&quot;yes&quot;,&quot;shape_divider_bottom&quot;:&quot;curve&quot;}\">\n\t\t\t\t\t\t\t<div class=\"elementor-background-overlay\"><\/div>\n\t\t\t\t\t\t<div class=\"elementor-shape elementor-shape-bottom\" aria-hidden=\"true\" data-negative=\"true\">\n\t\t\t<svg xmlns=\"http:\/\/www.w3.org\/2000\/svg\" viewbox=\"0 0 1000 100\" preserveaspectratio=\"none\">\n\t<path class=\"elementor-shape-fill\" d=\"M500,97C126.7,96.3,0.8,19.8,0,0v100l1000,0V1C1000,19.4,873.3,97.8,500,97z\"\/>\n<\/svg>\t\t<\/div>\n\t\t\t\t\t<div class=\"elementor-container elementor-column-gap-default\">\n\t\t\t\t\t<div class=\"elementor-column elementor-col-100 elementor-top-column elementor-element elementor-element-a4296d2\" data-id=\"a4296d2\" data-element_type=\"column\" data-e-type=\"column\">\n\t\t\t<div class=\"elementor-widget-wrap elementor-element-populated\">\n\t\t\t\t\t\t<div class=\"elementor-element elementor-element-1773aaeb animated-slow elementor-invisible elementor-widget elementor-widget-heading\" data-id=\"1773aaeb\" data-element_type=\"widget\" data-e-type=\"widget\" data-settings=\"{&quot;_animation&quot;:&quot;fadeInUp&quot;}\" data-widget_type=\"heading.default\">\n\t\t\t\t<div class=\"elementor-widget-container\">\n\t\t\t\t\t<h5 class=\"elementor-heading-title elementor-size-default\">Paiement \u00e9chelonn\u00e9<\/h5>\t\t\t\t<\/div>\n\t\t\t\t<\/div>\n\t\t\t\t<div class=\"elementor-element elementor-element-57c0f5d1 elementor-widget elementor-widget-heading\" data-id=\"57c0f5d1\" data-element_type=\"widget\" data-e-type=\"widget\" data-widget_type=\"heading.default\">\n\t\t\t\t<div class=\"elementor-widget-container\">\n\t\t\t\t\t<h2 class=\"elementor-heading-title elementor-size-default\">Formulaire envoy\u00e9 avec succ\u00e8s<\/h2>\t\t\t\t<\/div>\n\t\t\t\t<\/div>\n\t\t\t\t\t<\/div>\n\t\t<\/div>\n\t\t\t\t\t<\/div>\n\t\t<\/section>\n\t\t\t\t<section class=\"elementor-section elementor-top-section elementor-element elementor-element-f1b57bf elementor-section-boxed elementor-section-height-default elementor-section-height-default\" data-id=\"f1b57bf\" data-element_type=\"section\" data-e-type=\"section\">\n\t\t\t\t\t\t<div class=\"elementor-container elementor-column-gap-default\">\n\t\t\t\t\t<div class=\"elementor-column elementor-col-100 elementor-top-column elementor-element elementor-element-a826350\" data-id=\"a826350\" data-element_type=\"column\" data-e-type=\"column\">\n\t\t\t<div class=\"elementor-widget-wrap elementor-element-populated\">\n\t\t\t\t\t\t<div class=\"elementor-element elementor-element-1e48713 elementor-view-default elementor-widget elementor-widget-icon\" data-id=\"1e48713\" data-element_type=\"widget\" data-e-type=\"widget\" data-widget_type=\"icon.default\">\n\t\t\t\t<div class=\"elementor-widget-container\">\n\t\t\t\t\t\t\t<div class=\"elementor-icon-wrapper\">\n\t\t\t<div class=\"elementor-icon\">\n\t\t\t<i aria-hidden=\"true\" class=\"far fa-check-circle\"><\/i>\t\t\t<\/div>\n\t\t<\/div>\n\t\t\t\t\t\t<\/div>\n\t\t\t\t<\/div>\n\t\t\t\t\t<\/div>\n\t\t<\/div>\n\t\t\t\t\t<\/div>\n\t\t<\/section>\n\t\t\t\t<\/div>","protected":false},"excerpt":{"rendered":"<p>Formulaire de paiement \u00e9chelonn\u00e9 envoy\u00e9 avec succ\u00e8s<\/p>","protected":false},"author":1,"featured_media":0,"parent":0,"menu_order":0,"comment_status":"closed","ping_status":"closed","template":"","meta":{"_acf_changed":false,"footnotes":""},"folder":[],"class_list":["post-6540","page","type-page","status-publish","hentry"],"acf":[],"yoast_head":"<!-- This site is optimized with the Yoast SEO plugin v26.9 - https:\/\/yoast.com\/product\/yoast-seo-wordpress\/ -->\n<title>Ratenzahlung Danke - Handeys Reisen GmbH<\/title>\n<meta name=\"robots\" content=\"index, follow, max-snippet:-1, max-image-preview:large, max-video-preview:-1\" \/>\n<link rel=\"canonical\" href=\"https:\/\/www.handeys-ferien.ch\/fr\/paiement-par-acomptes-merci\/\" \/>\n<meta property=\"og:locale\" content=\"fr_FR\" \/>\n<meta property=\"og:type\" content=\"article\" \/>\n<meta property=\"og:title\" content=\"Ratenzahlung Danke - Handeys Reisen GmbH\" \/>\n<meta property=\"og:description\" content=\"Ratenzahlung Formular erfolgreich abgeschickt\" \/>\n<meta property=\"og:url\" content=\"https:\/\/www.handeys-ferien.ch\/fr\/paiement-par-acomptes-merci\/\" \/>\n<meta property=\"og:site_name\" content=\"Handeys Reisen GmbH\" \/>\n<meta property=\"article:modified_time\" content=\"2023-08-10T08:21:26+00:00\" \/>\n<meta name=\"twitter:card\" content=\"summary_large_image\" \/>\n<meta name=\"twitter:label1\" content=\"Dur\u00e9e de lecture estim\u00e9e\" \/>\n\t<meta name=\"twitter:data1\" content=\"1 minute\" \/>\n<script type=\"application\/ld+json\" class=\"yoast-schema-graph\">{\"@context\":\"https:\/\/schema.org\",\"@graph\":[{\"@type\":\"WebPage\",\"@id\":\"https:\/\/www.handeys-ferien.ch\/ratenzahlung-danke\/\",\"url\":\"https:\/\/www.handeys-ferien.ch\/ratenzahlung-danke\/\",\"name\":\"Ratenzahlung Danke - Handeys Reisen GmbH\",\"isPartOf\":{\"@id\":\"https:\/\/www.handeys-ferien.ch\/it\/#website\"},\"datePublished\":\"2023-08-10T08:18:48+00:00\",\"dateModified\":\"2023-08-10T08:21:26+00:00\",\"breadcrumb\":{\"@id\":\"https:\/\/www.handeys-ferien.ch\/ratenzahlung-danke\/#breadcrumb\"},\"inLanguage\":\"fr-FR\",\"potentialAction\":[{\"@type\":\"ReadAction\",\"target\":[\"https:\/\/www.handeys-ferien.ch\/ratenzahlung-danke\/\"]}]},{\"@type\":\"BreadcrumbList\",\"@id\":\"https:\/\/www.handeys-ferien.ch\/ratenzahlung-danke\/#breadcrumb\",\"itemListElement\":[{\"@type\":\"ListItem\",\"position\":1,\"name\":\"Startseite\",\"item\":\"https:\/\/www.handeys-ferien.ch\/\"},{\"@type\":\"ListItem\",\"position\":2,\"name\":\"Ratenzahlung Danke\"}]},{\"@type\":\"WebSite\",\"@id\":\"https:\/\/www.handeys-ferien.ch\/it\/#website\",\"url\":\"https:\/\/www.handeys-ferien.ch\/it\/\",\"name\":\"Handeys Reisen GmbH\",\"description\":\"\",\"publisher\":{\"@id\":\"https:\/\/www.handeys-ferien.ch\/it\/#organization\"},\"potentialAction\":[{\"@type\":\"SearchAction\",\"target\":{\"@type\":\"EntryPoint\",\"urlTemplate\":\"https:\/\/www.handeys-ferien.ch\/it\/?s={search_term_string}\"},\"query-input\":{\"@type\":\"PropertyValueSpecification\",\"valueRequired\":true,\"valueName\":\"search_term_string\"}}],\"inLanguage\":\"fr-FR\"},{\"@type\":\"Organization\",\"@id\":\"https:\/\/www.handeys-ferien.ch\/it\/#organization\",\"name\":\"Handeys Reisen GmbH\",\"url\":\"https:\/\/www.handeys-ferien.ch\/it\/\",\"logo\":{\"@type\":\"ImageObject\",\"inLanguage\":\"fr-FR\",\"@id\":\"https:\/\/www.handeys-ferien.ch\/it\/#\/schema\/logo\/image\/\",\"url\":\"https:\/\/www.handeys-ferien.ch\/wp-content\/uploads\/2023\/01\/handeys-reisen_logo.png\",\"contentUrl\":\"https:\/\/www.handeys-ferien.ch\/wp-content\/uploads\/2023\/01\/handeys-reisen_logo.png\",\"width\":1000,\"height\":1037,\"caption\":\"Handeys Reisen GmbH\"},\"image\":{\"@id\":\"https:\/\/www.handeys-ferien.ch\/it\/#\/schema\/logo\/image\/\"}}]}<\/script>\n<!-- \/ Yoast SEO plugin. -->","yoast_head_json":{"title":"Paiement \u00e9chelonn\u00e9 Merci - Handeys Reisen GmbH","robots":{"index":"index","follow":"follow","max-snippet":"max-snippet:-1","max-image-preview":"max-image-preview:large","max-video-preview":"max-video-preview:-1"},"canonical":"https:\/\/www.handeys-ferien.ch\/fr\/paiement-par-acomptes-merci\/","og_locale":"fr_FR","og_type":"article","og_title":"Ratenzahlung Danke - Handeys Reisen GmbH","og_description":"Ratenzahlung Formular erfolgreich abgeschickt","og_url":"https:\/\/www.handeys-ferien.ch\/fr\/paiement-par-acomptes-merci\/","og_site_name":"Handeys Reisen GmbH","article_modified_time":"2023-08-10T08:21:26+00:00","twitter_card":"summary_large_image","twitter_misc":{"Dur\u00e9e de lecture estim\u00e9e":"1 minute"},"schema":{"@context":"https:\/\/schema.org","@graph":[{"@type":"WebPage","@id":"https:\/\/www.handeys-ferien.ch\/ratenzahlung-danke\/","url":"https:\/\/www.handeys-ferien.ch\/ratenzahlung-danke\/","name":"Paiement \u00e9chelonn\u00e9 Merci - Handeys Reisen GmbH","isPartOf":{"@id":"https:\/\/www.handeys-ferien.ch\/it\/#website"},"datePublished":"2023-08-10T08:18:48+00:00","dateModified":"2023-08-10T08:21:26+00:00","breadcrumb":{"@id":"https:\/\/www.handeys-ferien.ch\/ratenzahlung-danke\/#breadcrumb"},"inLanguage":"fr-FR","potentialAction":[{"@type":"ReadAction","target":["https:\/\/www.handeys-ferien.ch\/ratenzahlung-danke\/"]}]},{"@type":"BreadcrumbList","@id":"https:\/\/www.handeys-ferien.ch\/ratenzahlung-danke\/#breadcrumb","itemListElement":[{"@type":"ListItem","position":1,"name":"Startseite","item":"https:\/\/www.handeys-ferien.ch\/"},{"@type":"ListItem","position":2,"name":"Ratenzahlung Danke"}]},{"@type":"WebSite","@id":"https:\/\/www.handeys-ferien.ch\/it\/#website","url":"https:\/\/www.handeys-ferien.ch\/it\/","name":"Handeys Reisen GmbH","description":"","publisher":{"@id":"https:\/\/www.handeys-ferien.ch\/it\/#organization"},"potentialAction":[{"@type":"SearchAction","target":{"@type":"EntryPoint","urlTemplate":"https:\/\/www.handeys-ferien.ch\/it\/?s={search_term_string}"},"query-input":{"@type":"PropertyValueSpecification","valueRequired":true,"valueName":"search_term_string"}}],"inLanguage":"fr-FR"},{"@type":"Organization","@id":"https:\/\/www.handeys-ferien.ch\/it\/#organization","name":"Handeys Reisen GmbH","url":"https:\/\/www.handeys-ferien.ch\/it\/","logo":{"@type":"ImageObject","inLanguage":"fr-FR","@id":"https:\/\/www.handeys-ferien.ch\/it\/#\/schema\/logo\/image\/","url":"https:\/\/www.handeys-ferien.ch\/wp-content\/uploads\/2023\/01\/handeys-reisen_logo.png","contentUrl":"https:\/\/www.handeys-ferien.ch\/wp-content\/uploads\/2023\/01\/handeys-reisen_logo.png","width":1000,"height":1037,"caption":"Handeys Reisen GmbH"},"image":{"@id":"https:\/\/www.handeys-ferien.ch\/it\/#\/schema\/logo\/image\/"}}]}},"_links":{"self":[{"href":"https:\/\/www.handeys-ferien.ch\/fr\/wp-json\/wp\/v2\/pages\/6540","targetHints":{"allow":["GET"]}}],"collection":[{"href":"https:\/\/www.handeys-ferien.ch\/fr\/wp-json\/wp\/v2\/pages"}],"about":[{"href":"https:\/\/www.handeys-ferien.ch\/fr\/wp-json\/wp\/v2\/types\/page"}],"author":[{"embeddable":true,"href":"https:\/\/www.handeys-ferien.ch\/fr\/wp-json\/wp\/v2\/users\/1"}],"replies":[{"embeddable":true,"href":"https:\/\/www.handeys-ferien.ch\/fr\/wp-json\/wp\/v2\/comments?post=6540"}],"version-history":[{"count":0,"href":"https:\/\/www.handeys-ferien.ch\/fr\/wp-json\/wp\/v2\/pages\/6540\/revisions"}],"wp:attachment":[{"href":"https:\/\/www.handeys-ferien.ch\/fr\/wp-json\/wp\/v2\/media?parent=6540"}],"wp:term":[{"taxonomy":"folder","embeddable":true,"href":"https:\/\/www.handeys-ferien.ch\/fr\/wp-json\/wp\/v2\/folder?post=6540"}],"curies":[{"name":"wp","href":"https:\/\/api.w.org\/{rel}","templated":true}]}}