{"id":1989,"date":"2023-01-26T10:07:16","date_gmt":"2023-01-26T09:07:16","guid":{"rendered":"https:\/\/handeys.aretis-staging.ch\/?page_id=1989"},"modified":"2026-01-10T13:34:12","modified_gmt":"2026-01-10T12:34:12","slug":"imprint","status":"publish","type":"page","link":"https:\/\/www.handeys-ferien.ch\/en\/imprint\/","title":{"rendered":"Imprint"},"content":{"rendered":"<style>.elementor-1989 .elementor-element.elementor-element-d757d2f:not(.elementor-motion-effects-element-type-background), .elementor-1989 .elementor-element.elementor-element-d757d2f > .elementor-motion-effects-container > .elementor-motion-effects-layer{background-color:var( --e-global-color-cccc4ad );}.elementor-1989 .elementor-element.elementor-element-d757d2f{transition:background 0.3s, border 0.3s, border-radius 0.3s, box-shadow 0.3s;padding:100px 0px 100px 0px;}.elementor-1989 .elementor-element.elementor-element-d757d2f > .elementor-background-overlay{transition:background 0.3s, border-radius 0.3s, opacity 0.3s;}.elementor-1989 .elementor-element.elementor-element-444b009{text-align:center;}.elementor-1989 .elementor-element.elementor-element-444b009 .elementor-heading-title{color:var( --e-global-color-text );}.elementor-1989 .elementor-element.elementor-element-94069e2{text-align:center;}.elementor-1989 .elementor-element.elementor-element-94069e2 .elementor-heading-title{color:var( --e-global-color-primary );}.elementor-1989 .elementor-element.elementor-element-7d479eb{--divider-border-style:solid;--divider-color:var( --e-global-color-secondary );--divider-border-width:4.3px;}.elementor-1989 .elementor-element.elementor-element-7d479eb .elementor-divider-separator{width:100px;margin:0 auto;margin-center:0;}.elementor-1989 .elementor-element.elementor-element-7d479eb .elementor-divider{text-align:center;padding-block-start:15px;padding-block-end:15px;}.elementor-1989 .elementor-element.elementor-element-9e74064{margin-top:39px;margin-bottom:0px;}:root{--page-title-display:none;}<\/style>\t\t<div data-elementor-type=\"wp-page\" data-elementor-id=\"1989\" class=\"elementor elementor-1989\" data-elementor-post-type=\"page\">\n\t\t\t\t\t\t<section class=\"elementor-section elementor-top-section elementor-element elementor-element-d757d2f elementor-section-boxed elementor-section-height-default elementor-section-height-default\" data-id=\"d757d2f\" data-element_type=\"section\" data-e-type=\"section\" data-settings=\"{&quot;background_background&quot;:&quot;classic&quot;}\">\n\t\t\t\t\t\t<div class=\"elementor-container elementor-column-gap-default\">\n\t\t\t\t\t<div class=\"elementor-column elementor-col-100 elementor-top-column elementor-element elementor-element-348d354\" data-id=\"348d354\" data-element_type=\"column\" data-e-type=\"column\">\n\t\t\t<div class=\"elementor-widget-wrap elementor-element-populated\">\n\t\t\t\t\t\t<section class=\"elementor-section elementor-inner-section elementor-element elementor-element-7e5be3c elementor-section-boxed elementor-section-height-default elementor-section-height-default\" data-id=\"7e5be3c\" data-element_type=\"section\" data-e-type=\"section\">\n\t\t\t\t\t\t<div class=\"elementor-container elementor-column-gap-default\">\n\t\t\t\t\t<div class=\"elementor-column elementor-col-100 elementor-inner-column elementor-element elementor-element-0c4e59f\" data-id=\"0c4e59f\" data-element_type=\"column\" data-e-type=\"column\">\n\t\t\t<div class=\"elementor-widget-wrap elementor-element-populated\">\n\t\t\t\t\t\t<div class=\"elementor-element elementor-element-444b009 elementor-widget elementor-widget-heading\" data-id=\"444b009\" data-element_type=\"widget\" data-e-type=\"widget\" data-widget_type=\"heading.default\">\n\t\t\t\t<div class=\"elementor-widget-container\">\n\t\t\t\t\t<h5 class=\"elementor-heading-title elementor-size-default\">Handeys Travel<\/h5>\t\t\t\t<\/div>\n\t\t\t\t<\/div>\n\t\t\t\t<div class=\"elementor-element elementor-element-94069e2 elementor-widget elementor-widget-heading\" data-id=\"94069e2\" data-element_type=\"widget\" data-e-type=\"widget\" data-widget_type=\"heading.default\">\n\t\t\t\t<div class=\"elementor-widget-container\">\n\t\t\t\t\t<h1 class=\"elementor-heading-title elementor-size-default\">Imprint<\/h1>\t\t\t\t<\/div>\n\t\t\t\t<\/div>\n\t\t\t\t<div class=\"elementor-element elementor-element-7d479eb elementor-widget-divider--view-line elementor-widget elementor-widget-divider\" data-id=\"7d479eb\" data-element_type=\"widget\" data-e-type=\"widget\" data-widget_type=\"divider.default\">\n\t\t\t\t<div class=\"elementor-widget-container\">\n\t\t\t\t\t\t\t<div class=\"elementor-divider\">\n\t\t\t<span class=\"elementor-divider-separator\">\n\t\t\t\t\t\t<\/span>\n\t\t<\/div>\n\t\t\t\t\t\t<\/div>\n\t\t\t\t<\/div>\n\t\t\t\t\t<\/div>\n\t\t<\/div>\n\t\t\t\t\t<\/div>\n\t\t<\/section>\n\t\t\t\t<section class=\"elementor-section elementor-inner-section elementor-element elementor-element-9e74064 elementor-section-boxed elementor-section-height-default elementor-section-height-default\" data-id=\"9e74064\" data-element_type=\"section\" data-e-type=\"section\">\n\t\t\t\t\t\t<div class=\"elementor-container elementor-column-gap-default\">\n\t\t\t\t\t<div class=\"elementor-column elementor-col-50 elementor-inner-column elementor-element elementor-element-813ee97\" data-id=\"813ee97\" data-element_type=\"column\" data-e-type=\"column\">\n\t\t\t<div class=\"elementor-widget-wrap elementor-element-populated\">\n\t\t\t\t\t\t<div class=\"elementor-element elementor-element-2deecc3 elementor-widget elementor-widget-text-editor\" data-id=\"2deecc3\" data-element_type=\"widget\" data-e-type=\"widget\" data-widget_type=\"text-editor.default\">\n\t\t\t\t<div class=\"elementor-widget-container\">\n\t\t\t\t\t\t\t\t\t<h4>Contact address<\/h4><p><strong>Handeys Travel Ltd.<\/strong><br \/>Station Square 1<br \/>5400 Baden<\/p><p class=\"icon-box-description\">Email: <a href=\"mailto:info@handeys-ferien.ch\">info@handeys-ferien.ch<\/a><\/p><h4>Authorized representatives<\/h4><p>Cetin Basatik, Managing Director<br \/>Busra Basatik, Deputy Managing Director<\/p><h4>Commercial register entry<\/h4><p>Registered company name: Handeys GmbH<\/p><p>Number: CH-400.4.021.691-8<\/p><p>Commercial Register Office: Baden<\/p><h4>VAT number<\/h4><p>CHE-100.946.521<\/p><h4>Agency for web design<\/h4><p>Creation of the website with WordPress by our webmasters:<\/p><p>aretis\u00ae web agency<br \/>Bahnhofplatz 4<br \/>5400 Baden<br \/>Tel. 056 200 20 40<br \/><a href=\"https:\/\/www.aretis.ch\/webdesign-webmaster-baden\/\">Agency for web design aretis<\/a><\/p>\t\t\t\t\t\t\t\t<\/div>\n\t\t\t\t<\/div>\n\t\t\t\t\t<\/div>\n\t\t<\/div>\n\t\t\t\t<div class=\"elementor-column elementor-col-50 elementor-inner-column elementor-element elementor-element-c23bb7a\" data-id=\"c23bb7a\" data-element_type=\"column\" data-e-type=\"column\">\n\t\t\t<div class=\"elementor-widget-wrap elementor-element-populated\">\n\t\t\t\t\t\t<div class=\"elementor-element elementor-element-6035d20 elementor-widget elementor-widget-text-editor\" data-id=\"6035d20\" data-element_type=\"widget\" data-e-type=\"widget\" data-widget_type=\"text-editor.default\">\n\t\t\t\t<div class=\"elementor-widget-container\">\n\t\t\t\t\t\t\t\t\t<h4>Disclaimer<\/h4><p>The author assumes no responsibility for the correctness, accuracy, timeliness, reliability and completeness of the information. Liability claims regarding damage caused by the use of any information provided, including any kind of information which is incomplete or incorrect, will therefore be rejected. All offers are non-binding. The author expressly reserves the right to change, supplement or delete parts of the pages or the entire offer without prior notice or to discontinue publication temporarily or permanently.<\/p><h4>Liability for links<\/h4><p>References and links to third party websites are outside our area of responsibility. Any responsibility for such websites is declined. Access and use of such websites is at the user's own risk.<\/p><h4>Copyrights<\/h4><p>The copyright and all other rights to the content, images, photos or other files on the website belong exclusively to Handeys GmbH or the specifically named copyright holders. For the reproduction of any elements, the written consent of the copyright holders must be obtained in advance.<\/p><h4>Privacy<\/h4><p>Handeys GmbH complies with the current data protection law. Please note our <a href=\"https:\/\/www.handeys-ferien.ch\/en\/data-protection\/\">Privacy policy -&gt;<\/a><\/p>\t\t\t\t\t\t\t\t<\/div>\n\t\t\t\t<\/div>\n\t\t\t\t\t<\/div>\n\t\t<\/div>\n\t\t\t\t\t<\/div>\n\t\t<\/section>\n\t\t\t\t\t<\/div>\n\t\t<\/div>\n\t\t\t\t\t<\/div>\n\t\t<\/section>\n\t\t\t\t<\/div>","protected":false},"excerpt":{"rendered":"<p>Handeys Reisen Impressum Kontaktadresse Handeys Reisen GmbHBahnhofplatz 15400 Baden E-Mail: info@handeys-ferien.ch Vertretungsberechtigte Personen Cetin Basatik, Gesch\u00e4ftsf\u00fchrerBusra Basatik, stv. Gesch\u00e4ftsf\u00fchrerin Handelsregistereintrag Eingetragener Firmenname: Handeys GmbH Nummer: CH-400.4.021.691-8 Handelsregisteramt: Baden Mehrwertsteuernummer CHE-100.946.521 Agentur f\u00fcr Webdesign Erstellung der Webseite mit WordPress durch unsere Webmaster: aretis\u00ae WebagenturBahnhofplatz 45400 BadenTel. 056 200 20 40Agentur f\u00fcr Webdesign aretis Haftungsausschluss Der Autor [&hellip;]<\/p>\n","protected":false},"author":1,"featured_media":0,"parent":0,"menu_order":10,"comment_status":"closed","ping_status":"closed","template":"","meta":{"_acf_changed":false,"footnotes":""},"folder":[],"class_list":["post-1989","page","type-page","status-publish","hentry"],"acf":[],"yoast_head":"<!-- This site is optimized with the Yoast SEO plugin v26.9 - https:\/\/yoast.com\/product\/yoast-seo-wordpress\/ -->\n<title>Impressum der Handeys GmbH in Baden<\/title>\n<meta name=\"description\" content=\"Impressum der Handeys GmbH, Bahnhofplatz 1, 5400 Baden, Schweiz\" \/>\n<meta name=\"robots\" content=\"index, follow, max-snippet:-1, max-image-preview:large, max-video-preview:-1\" \/>\n<link rel=\"canonical\" href=\"https:\/\/www.handeys-ferien.ch\/en\/imprint\/\" \/>\n<meta property=\"og:locale\" content=\"en_US\" \/>\n<meta property=\"og:type\" content=\"article\" \/>\n<meta property=\"og:title\" content=\"Impressum der Handeys GmbH in Baden\" \/>\n<meta property=\"og:description\" content=\"Impressum der Handeys GmbH, Bahnhofplatz 1, 5400 Baden, Schweiz\" \/>\n<meta property=\"og:url\" content=\"https:\/\/www.handeys-ferien.ch\/en\/imprint\/\" \/>\n<meta property=\"og:site_name\" content=\"Handeys Reisen GmbH\" \/>\n<meta property=\"article:modified_time\" content=\"2026-01-10T12:34:12+00:00\" \/>\n<meta name=\"twitter:card\" content=\"summary_large_image\" \/>\n<meta name=\"twitter:label1\" content=\"Est. reading time\" \/>\n\t<meta name=\"twitter:data1\" content=\"2 minutes\" \/>\n<script type=\"application\/ld+json\" class=\"yoast-schema-graph\">{\"@context\":\"https:\/\/schema.org\",\"@graph\":[{\"@type\":\"WebPage\",\"@id\":\"https:\/\/www.handeys-ferien.ch\/impressum\/\",\"url\":\"https:\/\/www.handeys-ferien.ch\/impressum\/\",\"name\":\"Impressum der Handeys GmbH in Baden\",\"isPartOf\":{\"@id\":\"https:\/\/www.handeys-ferien.ch\/it\/#website\"},\"datePublished\":\"2023-01-26T09:07:16+00:00\",\"dateModified\":\"2026-01-10T12:34:12+00:00\",\"description\":\"Impressum der Handeys GmbH, Bahnhofplatz 1, 5400 Baden, Schweiz\",\"breadcrumb\":{\"@id\":\"https:\/\/www.handeys-ferien.ch\/impressum\/#breadcrumb\"},\"inLanguage\":\"en-US\",\"potentialAction\":[{\"@type\":\"ReadAction\",\"target\":[\"https:\/\/www.handeys-ferien.ch\/impressum\/\"]}]},{\"@type\":\"BreadcrumbList\",\"@id\":\"https:\/\/www.handeys-ferien.ch\/impressum\/#breadcrumb\",\"itemListElement\":[{\"@type\":\"ListItem\",\"position\":1,\"name\":\"Startseite\",\"item\":\"https:\/\/www.handeys-ferien.ch\/\"},{\"@type\":\"ListItem\",\"position\":2,\"name\":\"Impressum\"}]},{\"@type\":\"WebSite\",\"@id\":\"https:\/\/www.handeys-ferien.ch\/it\/#website\",\"url\":\"https:\/\/www.handeys-ferien.ch\/it\/\",\"name\":\"Handeys Reisen GmbH\",\"description\":\"\",\"publisher\":{\"@id\":\"https:\/\/www.handeys-ferien.ch\/it\/#organization\"},\"potentialAction\":[{\"@type\":\"SearchAction\",\"target\":{\"@type\":\"EntryPoint\",\"urlTemplate\":\"https:\/\/www.handeys-ferien.ch\/it\/?s={search_term_string}\"},\"query-input\":{\"@type\":\"PropertyValueSpecification\",\"valueRequired\":true,\"valueName\":\"search_term_string\"}}],\"inLanguage\":\"en-US\"},{\"@type\":\"Organization\",\"@id\":\"https:\/\/www.handeys-ferien.ch\/it\/#organization\",\"name\":\"Handeys Reisen GmbH\",\"url\":\"https:\/\/www.handeys-ferien.ch\/it\/\",\"logo\":{\"@type\":\"ImageObject\",\"inLanguage\":\"en-US\",\"@id\":\"https:\/\/www.handeys-ferien.ch\/it\/#\/schema\/logo\/image\/\",\"url\":\"https:\/\/www.handeys-ferien.ch\/wp-content\/uploads\/2023\/01\/handeys-reisen_logo.png\",\"contentUrl\":\"https:\/\/www.handeys-ferien.ch\/wp-content\/uploads\/2023\/01\/handeys-reisen_logo.png\",\"width\":1000,\"height\":1037,\"caption\":\"Handeys Reisen GmbH\"},\"image\":{\"@id\":\"https:\/\/www.handeys-ferien.ch\/it\/#\/schema\/logo\/image\/\"}}]}<\/script>\n<!-- \/ Yoast SEO plugin. -->","yoast_head_json":{"title":"Imprint of the Handeys GmbH in Baden","description":"Imprint of Handeys GmbH, Bahnhofplatz 1, 5400 Baden, Switzerland","robots":{"index":"index","follow":"follow","max-snippet":"max-snippet:-1","max-image-preview":"max-image-preview:large","max-video-preview":"max-video-preview:-1"},"canonical":"https:\/\/www.handeys-ferien.ch\/en\/imprint\/","og_locale":"en_US","og_type":"article","og_title":"Impressum der Handeys GmbH in Baden","og_description":"Impressum der Handeys GmbH, Bahnhofplatz 1, 5400 Baden, Schweiz","og_url":"https:\/\/www.handeys-ferien.ch\/en\/imprint\/","og_site_name":"Handeys Reisen GmbH","article_modified_time":"2026-01-10T12:34:12+00:00","twitter_card":"summary_large_image","twitter_misc":{"Est. reading time":"2 minutes"},"schema":{"@context":"https:\/\/schema.org","@graph":[{"@type":"WebPage","@id":"https:\/\/www.handeys-ferien.ch\/impressum\/","url":"https:\/\/www.handeys-ferien.ch\/impressum\/","name":"Imprint of the Handeys GmbH in Baden","isPartOf":{"@id":"https:\/\/www.handeys-ferien.ch\/it\/#website"},"datePublished":"2023-01-26T09:07:16+00:00","dateModified":"2026-01-10T12:34:12+00:00","description":"Imprint of Handeys GmbH, Bahnhofplatz 1, 5400 Baden, Switzerland","breadcrumb":{"@id":"https:\/\/www.handeys-ferien.ch\/impressum\/#breadcrumb"},"inLanguage":"en-US","potentialAction":[{"@type":"ReadAction","target":["https:\/\/www.handeys-ferien.ch\/impressum\/"]}]},{"@type":"BreadcrumbList","@id":"https:\/\/www.handeys-ferien.ch\/impressum\/#breadcrumb","itemListElement":[{"@type":"ListItem","position":1,"name":"Startseite","item":"https:\/\/www.handeys-ferien.ch\/"},{"@type":"ListItem","position":2,"name":"Impressum"}]},{"@type":"WebSite","@id":"https:\/\/www.handeys-ferien.ch\/it\/#website","url":"https:\/\/www.handeys-ferien.ch\/it\/","name":"Handeys Travel Ltd.","description":"","publisher":{"@id":"https:\/\/www.handeys-ferien.ch\/it\/#organization"},"potentialAction":[{"@type":"SearchAction","target":{"@type":"EntryPoint","urlTemplate":"https:\/\/www.handeys-ferien.ch\/it\/?s={search_term_string}"},"query-input":{"@type":"PropertyValueSpecification","valueRequired":true,"valueName":"search_term_string"}}],"inLanguage":"en-US"},{"@type":"Organization","@id":"https:\/\/www.handeys-ferien.ch\/it\/#organization","name":"Handeys Travel Ltd.","url":"https:\/\/www.handeys-ferien.ch\/it\/","logo":{"@type":"ImageObject","inLanguage":"en-US","@id":"https:\/\/www.handeys-ferien.ch\/it\/#\/schema\/logo\/image\/","url":"https:\/\/www.handeys-ferien.ch\/wp-content\/uploads\/2023\/01\/handeys-reisen_logo.png","contentUrl":"https:\/\/www.handeys-ferien.ch\/wp-content\/uploads\/2023\/01\/handeys-reisen_logo.png","width":1000,"height":1037,"caption":"Handeys Reisen GmbH"},"image":{"@id":"https:\/\/www.handeys-ferien.ch\/it\/#\/schema\/logo\/image\/"}}]}},"_links":{"self":[{"href":"https:\/\/www.handeys-ferien.ch\/en\/wp-json\/wp\/v2\/pages\/1989","targetHints":{"allow":["GET"]}}],"collection":[{"href":"https:\/\/www.handeys-ferien.ch\/en\/wp-json\/wp\/v2\/pages"}],"about":[{"href":"https:\/\/www.handeys-ferien.ch\/en\/wp-json\/wp\/v2\/types\/page"}],"author":[{"embeddable":true,"href":"https:\/\/www.handeys-ferien.ch\/en\/wp-json\/wp\/v2\/users\/1"}],"replies":[{"embeddable":true,"href":"https:\/\/www.handeys-ferien.ch\/en\/wp-json\/wp\/v2\/comments?post=1989"}],"version-history":[{"count":6,"href":"https:\/\/www.handeys-ferien.ch\/en\/wp-json\/wp\/v2\/pages\/1989\/revisions"}],"predecessor-version":[{"id":7049,"href":"https:\/\/www.handeys-ferien.ch\/en\/wp-json\/wp\/v2\/pages\/1989\/revisions\/7049"}],"wp:attachment":[{"href":"https:\/\/www.handeys-ferien.ch\/en\/wp-json\/wp\/v2\/media?parent=1989"}],"wp:term":[{"taxonomy":"folder","embeddable":true,"href":"https:\/\/www.handeys-ferien.ch\/en\/wp-json\/wp\/v2\/folder?post=1989"}],"curies":[{"name":"wp","href":"https:\/\/api.w.org\/{rel}","templated":true}]}}